{"id":743,"date":"2018-11-08T15:05:46","date_gmt":"2018-11-08T15:05:46","guid":{"rendered":"https:\/\/saude.novartis.com.br\/psoriase\/?page_id=743"},"modified":"2025-12-11T15:41:37","modified_gmt":"2025-12-11T18:41:37","slug":"home","status":"publish","type":"page","link":"https:\/\/saude.novartis.com.br\/psoriase\/","title":{"rendered":"Home"},"content":{"rendered":"","protected":false},"excerpt":{"rendered":"","protected":false},"author":1,"featured_media":0,"parent":0,"menu_order":0,"comment_status":"closed","ping_status":"closed","template":"page-home-psoriase.php","meta":{"_acf_changed":false,"footnotes":""},"class_list":["post-743","page","type-page","status-publish","hentry"],"acf":[],"yoast_head":"<!-- This site is optimized with the Yoast SEO plugin v25.1 - https:\/\/yoast.com\/wordpress\/plugins\/seo\/ -->\n<title>Diversas Informa\u00e7\u00f5es e Dicas Sobre a Psor\u00edase | Novartis<\/title>\n<meta name=\"description\" content=\"Aqui voc\u00ea encontra tudo sobre psor\u00edase, diversas informa\u00e7\u00f5es, curiosidades, teste e dicas para voc\u00ea conhecer melhor a doen\u00e7a. Veja mais!\" \/>\n<meta name=\"robots\" content=\"index, follow, max-snippet:-1, max-image-preview:large, max-video-preview:-1\" \/>\n<link rel=\"canonical\" href=\"https:\/\/saude.novartis.com.br\/psoriase\/\" \/>\n<meta property=\"og:locale\" content=\"pt_BR\" \/>\n<meta property=\"og:type\" content=\"article\" \/>\n<meta property=\"og:title\" content=\"Diversas Informa\u00e7\u00f5es e Dicas Sobre a Psor\u00edase | Novartis\" \/>\n<meta property=\"og:description\" content=\"Aqui voc\u00ea encontra tudo sobre psor\u00edase, diversas informa\u00e7\u00f5es, curiosidades, teste e dicas para voc\u00ea conhecer melhor a doen\u00e7a. Veja mais!\" \/>\n<meta property=\"og:url\" content=\"https:\/\/saude.novartis.com.br\/psoriase\/\" \/>\n<meta property=\"og:site_name\" content=\"Psor\u00edase\" \/>\n<meta property=\"article:modified_time\" content=\"2025-12-11T18:41:37+00:00\" \/>\n<meta name=\"twitter:card\" content=\"summary_large_image\" \/>\n<meta name=\"twitter:title\" content=\"Diversas Informa\u00e7\u00f5es e Dicas Sobre a Psor\u00edase | Novartis\" \/>\n<meta name=\"twitter:description\" content=\"Aqui voc\u00ea encontra tudo sobre psor\u00edase, diversas informa\u00e7\u00f5es, curiosidades, teste e dicas para voc\u00ea conhecer melhor a doen\u00e7a. Veja mais!\" \/>\n<script type=\"application\/ld+json\" class=\"yoast-schema-graph\">{\"@context\":\"https:\/\/schema.org\",\"@graph\":[{\"@type\":\"WebPage\",\"@id\":\"https:\/\/saude.novartis.com.br\/psoriase\/\",\"url\":\"https:\/\/saude.novartis.com.br\/psoriase\/\",\"name\":\"Diversas Informa\u00e7\u00f5es e Dicas Sobre a Psor\u00edase | Novartis\",\"isPartOf\":{\"@id\":\"https:\/\/saude.novartis.com.br\/psoriase\/#website\"},\"datePublished\":\"2018-11-08T15:05:46+00:00\",\"dateModified\":\"2025-12-11T18:41:37+00:00\",\"description\":\"Aqui voc\u00ea encontra tudo sobre psor\u00edase, diversas informa\u00e7\u00f5es, curiosidades, teste e dicas para voc\u00ea conhecer melhor a doen\u00e7a. Veja mais!\",\"breadcrumb\":{\"@id\":\"https:\/\/saude.novartis.com.br\/psoriase\/#breadcrumb\"},\"inLanguage\":\"pt-BR\",\"potentialAction\":[{\"@type\":\"ReadAction\",\"target\":[\"https:\/\/saude.novartis.com.br\/psoriase\/\"]}]},{\"@type\":\"BreadcrumbList\",\"@id\":\"https:\/\/saude.novartis.com.br\/psoriase\/#breadcrumb\",\"itemListElement\":[{\"@type\":\"ListItem\",\"position\":1,\"name\":\"In\u00edcio\",\"item\":\"https:\/\/saude.novartis.com.br\/psoriase\/\"},{\"@type\":\"ListItem\",\"position\":2,\"name\":\"Home\"}]},{\"@type\":\"WebSite\",\"@id\":\"https:\/\/saude.novartis.com.br\/psoriase\/#website\",\"url\":\"https:\/\/saude.novartis.com.br\/psoriase\/\",\"name\":\"Psor\u00edase\",\"description\":\"Saiba mais sobre a\u00a0psor\u00edase, qual \u00e9 o seu diagn\u00f3stico, op\u00e7\u00f5es de tratamento e como a doen\u00e7a se comporta. Acesse o blog\u00a0psor\u00edase\u00a0Novartis e saiba mais.\",\"publisher\":{\"@id\":\"https:\/\/saude.novartis.com.br\/psoriase\/#organization\"},\"potentialAction\":[{\"@type\":\"SearchAction\",\"target\":{\"@type\":\"EntryPoint\",\"urlTemplate\":\"https:\/\/saude.novartis.com.br\/psoriase\/?s={search_term_string}\"},\"query-input\":{\"@type\":\"PropertyValueSpecification\",\"valueRequired\":true,\"valueName\":\"search_term_string\"}}],\"inLanguage\":\"pt-BR\"},{\"@type\":\"Organization\",\"@id\":\"https:\/\/saude.novartis.com.br\/psoriase\/#organization\",\"name\":\"Novartis\",\"url\":\"https:\/\/saude.novartis.com.br\/psoriase\/\",\"logo\":{\"@type\":\"ImageObject\",\"inLanguage\":\"pt-BR\",\"@id\":\"https:\/\/saude.novartis.com.br\/psoriase\/#\/schema\/logo\/image\/\",\"url\":\"https:\/\/saude.novartis.com.br\/psoriase\/wp-content\/uploads\/sites\/3\/2025\/12\/cropped-logo_sob-a-pele.png\",\"contentUrl\":\"https:\/\/saude.novartis.com.br\/psoriase\/wp-content\/uploads\/sites\/3\/2025\/12\/cropped-logo_sob-a-pele.png\",\"width\":817,\"height\":196,\"caption\":\"Novartis\"},\"image\":{\"@id\":\"https:\/\/saude.novartis.com.br\/psoriase\/#\/schema\/logo\/image\/\"}}]}<\/script>\n<!-- \/ Yoast SEO plugin. -->","yoast_head_json":{"title":"Diversas Informa\u00e7\u00f5es e Dicas Sobre a Psor\u00edase | Novartis","description":"Aqui voc\u00ea encontra tudo sobre psor\u00edase, diversas informa\u00e7\u00f5es, curiosidades, teste e dicas para voc\u00ea conhecer melhor a doen\u00e7a. Veja mais!","robots":{"index":"index","follow":"follow","max-snippet":"max-snippet:-1","max-image-preview":"max-image-preview:large","max-video-preview":"max-video-preview:-1"},"canonical":"https:\/\/saude.novartis.com.br\/psoriase\/","og_locale":"pt_BR","og_type":"article","og_title":"Diversas Informa\u00e7\u00f5es e Dicas Sobre a Psor\u00edase | Novartis","og_description":"Aqui voc\u00ea encontra tudo sobre psor\u00edase, diversas informa\u00e7\u00f5es, curiosidades, teste e dicas para voc\u00ea conhecer melhor a doen\u00e7a. Veja mais!","og_url":"https:\/\/saude.novartis.com.br\/psoriase\/","og_site_name":"Psor\u00edase","article_modified_time":"2025-12-11T18:41:37+00:00","twitter_card":"summary_large_image","twitter_title":"Diversas Informa\u00e7\u00f5es e Dicas Sobre a Psor\u00edase | Novartis","twitter_description":"Aqui voc\u00ea encontra tudo sobre psor\u00edase, diversas informa\u00e7\u00f5es, curiosidades, teste e dicas para voc\u00ea conhecer melhor a doen\u00e7a. Veja mais!","schema":{"@context":"https:\/\/schema.org","@graph":[{"@type":"WebPage","@id":"https:\/\/saude.novartis.com.br\/psoriase\/","url":"https:\/\/saude.novartis.com.br\/psoriase\/","name":"Diversas Informa\u00e7\u00f5es e Dicas Sobre a Psor\u00edase | Novartis","isPartOf":{"@id":"https:\/\/saude.novartis.com.br\/psoriase\/#website"},"datePublished":"2018-11-08T15:05:46+00:00","dateModified":"2025-12-11T18:41:37+00:00","description":"Aqui voc\u00ea encontra tudo sobre psor\u00edase, diversas informa\u00e7\u00f5es, curiosidades, teste e dicas para voc\u00ea conhecer melhor a doen\u00e7a. Veja mais!","breadcrumb":{"@id":"https:\/\/saude.novartis.com.br\/psoriase\/#breadcrumb"},"inLanguage":"pt-BR","potentialAction":[{"@type":"ReadAction","target":["https:\/\/saude.novartis.com.br\/psoriase\/"]}]},{"@type":"BreadcrumbList","@id":"https:\/\/saude.novartis.com.br\/psoriase\/#breadcrumb","itemListElement":[{"@type":"ListItem","position":1,"name":"In\u00edcio","item":"https:\/\/saude.novartis.com.br\/psoriase\/"},{"@type":"ListItem","position":2,"name":"Home"}]},{"@type":"WebSite","@id":"https:\/\/saude.novartis.com.br\/psoriase\/#website","url":"https:\/\/saude.novartis.com.br\/psoriase\/","name":"Psor\u00edase","description":"Saiba mais sobre a\u00a0psor\u00edase, qual \u00e9 o seu diagn\u00f3stico, op\u00e7\u00f5es de tratamento e como a doen\u00e7a se comporta. Acesse o blog\u00a0psor\u00edase\u00a0Novartis e saiba mais.","publisher":{"@id":"https:\/\/saude.novartis.com.br\/psoriase\/#organization"},"potentialAction":[{"@type":"SearchAction","target":{"@type":"EntryPoint","urlTemplate":"https:\/\/saude.novartis.com.br\/psoriase\/?s={search_term_string}"},"query-input":{"@type":"PropertyValueSpecification","valueRequired":true,"valueName":"search_term_string"}}],"inLanguage":"pt-BR"},{"@type":"Organization","@id":"https:\/\/saude.novartis.com.br\/psoriase\/#organization","name":"Novartis","url":"https:\/\/saude.novartis.com.br\/psoriase\/","logo":{"@type":"ImageObject","inLanguage":"pt-BR","@id":"https:\/\/saude.novartis.com.br\/psoriase\/#\/schema\/logo\/image\/","url":"https:\/\/saude.novartis.com.br\/psoriase\/wp-content\/uploads\/sites\/3\/2025\/12\/cropped-logo_sob-a-pele.png","contentUrl":"https:\/\/saude.novartis.com.br\/psoriase\/wp-content\/uploads\/sites\/3\/2025\/12\/cropped-logo_sob-a-pele.png","width":817,"height":196,"caption":"Novartis"},"image":{"@id":"https:\/\/saude.novartis.com.br\/psoriase\/#\/schema\/logo\/image\/"}}]}},"_links":{"self":[{"href":"https:\/\/saude.novartis.com.br\/psoriase\/wp-json\/wp\/v2\/pages\/743"}],"collection":[{"href":"https:\/\/saude.novartis.com.br\/psoriase\/wp-json\/wp\/v2\/pages"}],"about":[{"href":"https:\/\/saude.novartis.com.br\/psoriase\/wp-json\/wp\/v2\/types\/page"}],"author":[{"embeddable":true,"href":"https:\/\/saude.novartis.com.br\/psoriase\/wp-json\/wp\/v2\/users\/1"}],"replies":[{"embeddable":true,"href":"https:\/\/saude.novartis.com.br\/psoriase\/wp-json\/wp\/v2\/comments?post=743"}],"version-history":[{"count":4,"href":"https:\/\/saude.novartis.com.br\/psoriase\/wp-json\/wp\/v2\/pages\/743\/revisions"}],"predecessor-version":[{"id":6379,"href":"https:\/\/saude.novartis.com.br\/psoriase\/wp-json\/wp\/v2\/pages\/743\/revisions\/6379"}],"wp:attachment":[{"href":"https:\/\/saude.novartis.com.br\/psoriase\/wp-json\/wp\/v2\/media?parent=743"}],"curies":[{"name":"wp","href":"https:\/\/api.w.org\/{rel}","templated":true}]}}