{"id":26,"date":"2025-02-06T07:26:14","date_gmt":"2025-02-06T10:26:14","guid":{"rendered":"https:\/\/saude.novartis.com.br\/infarto\/?page_id=26"},"modified":"2025-02-06T07:26:15","modified_gmt":"2025-02-06T10:26:15","slug":"lado-bom","status":"publish","type":"page","link":"https:\/\/saude.novartis.com.br\/infarto\/lado-bom\/","title":{"rendered":"Lado bom"},"content":{"rendered":"","protected":false},"excerpt":{"rendered":"","protected":false},"author":2,"featured_media":0,"parent":0,"menu_order":0,"comment_status":"closed","ping_status":"closed","template":"page-infarto-lado-bom.php","meta":{"_acf_changed":false,"footnotes":""},"class_list":["post-26","page","type-page","status-publish","hentry"],"acf":[],"yoast_head":"<!-- This site is optimized with the Yoast SEO plugin v25.1 - https:\/\/yoast.com\/wordpress\/plugins\/seo\/ -->\n<title>Lado bom - Infartei e agora?<\/title>\n<meta name=\"robots\" content=\"index, follow, max-snippet:-1, max-image-preview:large, max-video-preview:-1\" \/>\n<link rel=\"canonical\" href=\"https:\/\/saude.novartis.com.br\/infarto\/lado-bom\/\" \/>\n<meta property=\"og:locale\" content=\"pt_BR\" \/>\n<meta property=\"og:type\" content=\"article\" \/>\n<meta property=\"og:title\" content=\"Lado bom - Infartei e agora?\" \/>\n<meta property=\"og:url\" content=\"https:\/\/saude.novartis.com.br\/infarto\/lado-bom\/\" \/>\n<meta property=\"og:site_name\" content=\"Infartei e agora?\" \/>\n<meta property=\"article:modified_time\" content=\"2025-02-06T10:26:15+00:00\" \/>\n<meta name=\"twitter:card\" content=\"summary_large_image\" \/>\n<script type=\"application\/ld+json\" class=\"yoast-schema-graph\">{\"@context\":\"https:\/\/schema.org\",\"@graph\":[{\"@type\":\"WebPage\",\"@id\":\"https:\/\/saude.novartis.com.br\/infarto\/lado-bom\/\",\"url\":\"https:\/\/saude.novartis.com.br\/infarto\/lado-bom\/\",\"name\":\"Lado bom - Infartei e agora?\",\"isPartOf\":{\"@id\":\"https:\/\/saude.novartis.com.br\/infarto\/#website\"},\"datePublished\":\"2025-02-06T10:26:14+00:00\",\"dateModified\":\"2025-02-06T10:26:15+00:00\",\"breadcrumb\":{\"@id\":\"https:\/\/saude.novartis.com.br\/infarto\/lado-bom\/#breadcrumb\"},\"inLanguage\":\"pt-BR\",\"potentialAction\":[{\"@type\":\"ReadAction\",\"target\":[\"https:\/\/saude.novartis.com.br\/infarto\/lado-bom\/\"]}]},{\"@type\":\"BreadcrumbList\",\"@id\":\"https:\/\/saude.novartis.com.br\/infarto\/lado-bom\/#breadcrumb\",\"itemListElement\":[{\"@type\":\"ListItem\",\"position\":1,\"name\":\"In\u00edcio\",\"item\":\"https:\/\/saude.novartis.com.br\/infarto\/\"},{\"@type\":\"ListItem\",\"position\":2,\"name\":\"Lado bom\"}]},{\"@type\":\"WebSite\",\"@id\":\"https:\/\/saude.novartis.com.br\/infarto\/#website\",\"url\":\"https:\/\/saude.novartis.com.br\/infarto\/\",\"name\":\"Infartei e agora?\",\"description\":\"Saiba exatamente o que \u00e9 Infarto. Conhe\u00e7a seus sintomas, diagn\u00f3sticos e tratamento. Acesse nossos conte\u00fados Novartis e saiba mais.\",\"publisher\":{\"@id\":\"https:\/\/saude.novartis.com.br\/infarto\/#organization\"},\"potentialAction\":[{\"@type\":\"SearchAction\",\"target\":{\"@type\":\"EntryPoint\",\"urlTemplate\":\"https:\/\/saude.novartis.com.br\/infarto\/?s={search_term_string}\"},\"query-input\":{\"@type\":\"PropertyValueSpecification\",\"valueRequired\":true,\"valueName\":\"search_term_string\"}}],\"inLanguage\":\"pt-BR\"},{\"@type\":\"Organization\",\"@id\":\"https:\/\/saude.novartis.com.br\/infarto\/#organization\",\"name\":\"Infartei e agora?\",\"url\":\"https:\/\/saude.novartis.com.br\/infarto\/\",\"logo\":{\"@type\":\"ImageObject\",\"inLanguage\":\"pt-BR\",\"@id\":\"https:\/\/saude.novartis.com.br\/infarto\/#\/schema\/logo\/image\/\",\"url\":\"https:\/\/saude.novartis.com.br\/infarto\/wp-content\/uploads\/sites\/35\/2025\/02\/infartei-e-agora-logo.png\",\"contentUrl\":\"https:\/\/saude.novartis.com.br\/infarto\/wp-content\/uploads\/sites\/35\/2025\/02\/infartei-e-agora-logo.png\",\"width\":504,\"height\":274,\"caption\":\"Infartei e agora?\"},\"image\":{\"@id\":\"https:\/\/saude.novartis.com.br\/infarto\/#\/schema\/logo\/image\/\"}}]}<\/script>\n<!-- \/ Yoast SEO plugin. -->","yoast_head_json":{"title":"Lado bom - Infartei e agora?","robots":{"index":"index","follow":"follow","max-snippet":"max-snippet:-1","max-image-preview":"max-image-preview:large","max-video-preview":"max-video-preview:-1"},"canonical":"https:\/\/saude.novartis.com.br\/infarto\/lado-bom\/","og_locale":"pt_BR","og_type":"article","og_title":"Lado bom - Infartei e agora?","og_url":"https:\/\/saude.novartis.com.br\/infarto\/lado-bom\/","og_site_name":"Infartei e agora?","article_modified_time":"2025-02-06T10:26:15+00:00","twitter_card":"summary_large_image","schema":{"@context":"https:\/\/schema.org","@graph":[{"@type":"WebPage","@id":"https:\/\/saude.novartis.com.br\/infarto\/lado-bom\/","url":"https:\/\/saude.novartis.com.br\/infarto\/lado-bom\/","name":"Lado bom - Infartei e agora?","isPartOf":{"@id":"https:\/\/saude.novartis.com.br\/infarto\/#website"},"datePublished":"2025-02-06T10:26:14+00:00","dateModified":"2025-02-06T10:26:15+00:00","breadcrumb":{"@id":"https:\/\/saude.novartis.com.br\/infarto\/lado-bom\/#breadcrumb"},"inLanguage":"pt-BR","potentialAction":[{"@type":"ReadAction","target":["https:\/\/saude.novartis.com.br\/infarto\/lado-bom\/"]}]},{"@type":"BreadcrumbList","@id":"https:\/\/saude.novartis.com.br\/infarto\/lado-bom\/#breadcrumb","itemListElement":[{"@type":"ListItem","position":1,"name":"In\u00edcio","item":"https:\/\/saude.novartis.com.br\/infarto\/"},{"@type":"ListItem","position":2,"name":"Lado bom"}]},{"@type":"WebSite","@id":"https:\/\/saude.novartis.com.br\/infarto\/#website","url":"https:\/\/saude.novartis.com.br\/infarto\/","name":"Infartei e agora?","description":"Saiba exatamente o que \u00e9 Infarto. Conhe\u00e7a seus sintomas, diagn\u00f3sticos e tratamento. Acesse nossos conte\u00fados Novartis e saiba mais.","publisher":{"@id":"https:\/\/saude.novartis.com.br\/infarto\/#organization"},"potentialAction":[{"@type":"SearchAction","target":{"@type":"EntryPoint","urlTemplate":"https:\/\/saude.novartis.com.br\/infarto\/?s={search_term_string}"},"query-input":{"@type":"PropertyValueSpecification","valueRequired":true,"valueName":"search_term_string"}}],"inLanguage":"pt-BR"},{"@type":"Organization","@id":"https:\/\/saude.novartis.com.br\/infarto\/#organization","name":"Infartei e agora?","url":"https:\/\/saude.novartis.com.br\/infarto\/","logo":{"@type":"ImageObject","inLanguage":"pt-BR","@id":"https:\/\/saude.novartis.com.br\/infarto\/#\/schema\/logo\/image\/","url":"https:\/\/saude.novartis.com.br\/infarto\/wp-content\/uploads\/sites\/35\/2025\/02\/infartei-e-agora-logo.png","contentUrl":"https:\/\/saude.novartis.com.br\/infarto\/wp-content\/uploads\/sites\/35\/2025\/02\/infartei-e-agora-logo.png","width":504,"height":274,"caption":"Infartei e agora?"},"image":{"@id":"https:\/\/saude.novartis.com.br\/infarto\/#\/schema\/logo\/image\/"}}]}},"_links":{"self":[{"href":"https:\/\/saude.novartis.com.br\/infarto\/wp-json\/wp\/v2\/pages\/26"}],"collection":[{"href":"https:\/\/saude.novartis.com.br\/infarto\/wp-json\/wp\/v2\/pages"}],"about":[{"href":"https:\/\/saude.novartis.com.br\/infarto\/wp-json\/wp\/v2\/types\/page"}],"author":[{"embeddable":true,"href":"https:\/\/saude.novartis.com.br\/infarto\/wp-json\/wp\/v2\/users\/2"}],"replies":[{"embeddable":true,"href":"https:\/\/saude.novartis.com.br\/infarto\/wp-json\/wp\/v2\/comments?post=26"}],"version-history":[{"count":1,"href":"https:\/\/saude.novartis.com.br\/infarto\/wp-json\/wp\/v2\/pages\/26\/revisions"}],"predecessor-version":[{"id":27,"href":"https:\/\/saude.novartis.com.br\/infarto\/wp-json\/wp\/v2\/pages\/26\/revisions\/27"}],"wp:attachment":[{"href":"https:\/\/saude.novartis.com.br\/infarto\/wp-json\/wp\/v2\/media?parent=26"}],"curies":[{"name":"wp","href":"https:\/\/api.w.org\/{rel}","templated":true}]}}