{"id":104,"date":"2025-10-23T11:35:52","date_gmt":"2025-10-23T14:35:52","guid":{"rendered":"https:\/\/saude.novartis.com.br\/hpn\/?page_id=104"},"modified":"2025-10-23T11:55:48","modified_gmt":"2025-10-23T14:55:48","slug":"consulta-publica-hpn","status":"publish","type":"page","link":"https:\/\/saude.novartis.com.br\/hpn\/consulta-publica-hpn\/","title":{"rendered":"Consulta P\u00fablica"},"content":{"rendered":"","protected":false},"excerpt":{"rendered":"","protected":false},"author":17,"featured_media":0,"parent":0,"menu_order":0,"comment_status":"closed","ping_status":"closed","template":"page-home-cp-hpn.php","meta":{"_acf_changed":false,"footnotes":""},"class_list":["post-104","page","type-page","status-publish","hentry"],"acf":[],"yoast_head":"<!-- This site is optimized with the Yoast SEO plugin v25.1 - https:\/\/yoast.com\/wordpress\/plugins\/seo\/ -->\n<title>Consulta P\u00fablica - HPN - Hemoglobin\u00faria Parox\u00edstica Noturna<\/title>\n<meta name=\"robots\" content=\"index, follow, max-snippet:-1, max-image-preview:large, max-video-preview:-1\" \/>\n<link rel=\"canonical\" href=\"https:\/\/saude.novartis.com.br\/hpn\/consulta-publica-hpn\/\" \/>\n<meta property=\"og:locale\" content=\"pt_BR\" \/>\n<meta property=\"og:type\" content=\"article\" \/>\n<meta property=\"og:title\" content=\"Consulta P\u00fablica - HPN - Hemoglobin\u00faria Parox\u00edstica Noturna\" \/>\n<meta property=\"og:url\" content=\"https:\/\/saude.novartis.com.br\/hpn\/consulta-publica-hpn\/\" \/>\n<meta property=\"og:site_name\" content=\"HPN - Hemoglobin\u00faria Parox\u00edstica Noturna\" \/>\n<meta property=\"article:modified_time\" content=\"2025-10-23T14:55:48+00:00\" \/>\n<meta name=\"twitter:card\" content=\"summary_large_image\" \/>\n<script type=\"application\/ld+json\" class=\"yoast-schema-graph\">{\"@context\":\"https:\/\/schema.org\",\"@graph\":[{\"@type\":\"WebPage\",\"@id\":\"https:\/\/saude.novartis.com.br\/hpn\/consulta-publica-hpn\/\",\"url\":\"https:\/\/saude.novartis.com.br\/hpn\/consulta-publica-hpn\/\",\"name\":\"Consulta P\u00fablica - HPN - Hemoglobin\u00faria Parox\u00edstica Noturna\",\"isPartOf\":{\"@id\":\"https:\/\/saude.novartis.com.br\/hpn\/#website\"},\"datePublished\":\"2025-10-23T14:35:52+00:00\",\"dateModified\":\"2025-10-23T14:55:48+00:00\",\"breadcrumb\":{\"@id\":\"https:\/\/saude.novartis.com.br\/hpn\/consulta-publica-hpn\/#breadcrumb\"},\"inLanguage\":\"pt-BR\",\"potentialAction\":[{\"@type\":\"ReadAction\",\"target\":[\"https:\/\/saude.novartis.com.br\/hpn\/consulta-publica-hpn\/\"]}]},{\"@type\":\"BreadcrumbList\",\"@id\":\"https:\/\/saude.novartis.com.br\/hpn\/consulta-publica-hpn\/#breadcrumb\",\"itemListElement\":[{\"@type\":\"ListItem\",\"position\":1,\"name\":\"In\u00edcio\",\"item\":\"https:\/\/saude.novartis.com.br\/hpn\/\"},{\"@type\":\"ListItem\",\"position\":2,\"name\":\"Consulta P\u00fablica\"}]},{\"@type\":\"WebSite\",\"@id\":\"https:\/\/saude.novartis.com.br\/hpn\/#website\",\"url\":\"https:\/\/saude.novartis.com.br\/hpn\/\",\"name\":\"HPN - Hemoglobin\u00faria Parox\u00edstica Noturna\",\"description\":\"\",\"publisher\":{\"@id\":\"https:\/\/saude.novartis.com.br\/hpn\/#organization\"},\"potentialAction\":[{\"@type\":\"SearchAction\",\"target\":{\"@type\":\"EntryPoint\",\"urlTemplate\":\"https:\/\/saude.novartis.com.br\/hpn\/?s={search_term_string}\"},\"query-input\":{\"@type\":\"PropertyValueSpecification\",\"valueRequired\":true,\"valueName\":\"search_term_string\"}}],\"inLanguage\":\"pt-BR\"},{\"@type\":\"Organization\",\"@id\":\"https:\/\/saude.novartis.com.br\/hpn\/#organization\",\"name\":\"HPN - Hemoglobin\u00faria Parox\u00edstica Noturna\",\"url\":\"https:\/\/saude.novartis.com.br\/hpn\/\",\"logo\":{\"@type\":\"ImageObject\",\"inLanguage\":\"pt-BR\",\"@id\":\"https:\/\/saude.novartis.com.br\/hpn\/#\/schema\/logo\/image\/\",\"url\":\"https:\/\/saude.novartis.com.br\/hpn\/wp-content\/uploads\/sites\/36\/2025\/10\/logo-a-nova-cara-da-hpn-p.png\",\"contentUrl\":\"https:\/\/saude.novartis.com.br\/hpn\/wp-content\/uploads\/sites\/36\/2025\/10\/logo-a-nova-cara-da-hpn-p.png\",\"width\":263,\"height\":100,\"caption\":\"HPN - Hemoglobin\u00faria Parox\u00edstica Noturna\"},\"image\":{\"@id\":\"https:\/\/saude.novartis.com.br\/hpn\/#\/schema\/logo\/image\/\"}}]}<\/script>\n<!-- \/ Yoast SEO plugin. -->","yoast_head_json":{"title":"Consulta P\u00fablica - HPN - Hemoglobin\u00faria Parox\u00edstica Noturna","robots":{"index":"index","follow":"follow","max-snippet":"max-snippet:-1","max-image-preview":"max-image-preview:large","max-video-preview":"max-video-preview:-1"},"canonical":"https:\/\/saude.novartis.com.br\/hpn\/consulta-publica-hpn\/","og_locale":"pt_BR","og_type":"article","og_title":"Consulta P\u00fablica - HPN - Hemoglobin\u00faria Parox\u00edstica Noturna","og_url":"https:\/\/saude.novartis.com.br\/hpn\/consulta-publica-hpn\/","og_site_name":"HPN - Hemoglobin\u00faria Parox\u00edstica Noturna","article_modified_time":"2025-10-23T14:55:48+00:00","twitter_card":"summary_large_image","schema":{"@context":"https:\/\/schema.org","@graph":[{"@type":"WebPage","@id":"https:\/\/saude.novartis.com.br\/hpn\/consulta-publica-hpn\/","url":"https:\/\/saude.novartis.com.br\/hpn\/consulta-publica-hpn\/","name":"Consulta P\u00fablica - HPN - Hemoglobin\u00faria Parox\u00edstica Noturna","isPartOf":{"@id":"https:\/\/saude.novartis.com.br\/hpn\/#website"},"datePublished":"2025-10-23T14:35:52+00:00","dateModified":"2025-10-23T14:55:48+00:00","breadcrumb":{"@id":"https:\/\/saude.novartis.com.br\/hpn\/consulta-publica-hpn\/#breadcrumb"},"inLanguage":"pt-BR","potentialAction":[{"@type":"ReadAction","target":["https:\/\/saude.novartis.com.br\/hpn\/consulta-publica-hpn\/"]}]},{"@type":"BreadcrumbList","@id":"https:\/\/saude.novartis.com.br\/hpn\/consulta-publica-hpn\/#breadcrumb","itemListElement":[{"@type":"ListItem","position":1,"name":"In\u00edcio","item":"https:\/\/saude.novartis.com.br\/hpn\/"},{"@type":"ListItem","position":2,"name":"Consulta P\u00fablica"}]},{"@type":"WebSite","@id":"https:\/\/saude.novartis.com.br\/hpn\/#website","url":"https:\/\/saude.novartis.com.br\/hpn\/","name":"HPN - Hemoglobin\u00faria Parox\u00edstica Noturna","description":"","publisher":{"@id":"https:\/\/saude.novartis.com.br\/hpn\/#organization"},"potentialAction":[{"@type":"SearchAction","target":{"@type":"EntryPoint","urlTemplate":"https:\/\/saude.novartis.com.br\/hpn\/?s={search_term_string}"},"query-input":{"@type":"PropertyValueSpecification","valueRequired":true,"valueName":"search_term_string"}}],"inLanguage":"pt-BR"},{"@type":"Organization","@id":"https:\/\/saude.novartis.com.br\/hpn\/#organization","name":"HPN - Hemoglobin\u00faria Parox\u00edstica Noturna","url":"https:\/\/saude.novartis.com.br\/hpn\/","logo":{"@type":"ImageObject","inLanguage":"pt-BR","@id":"https:\/\/saude.novartis.com.br\/hpn\/#\/schema\/logo\/image\/","url":"https:\/\/saude.novartis.com.br\/hpn\/wp-content\/uploads\/sites\/36\/2025\/10\/logo-a-nova-cara-da-hpn-p.png","contentUrl":"https:\/\/saude.novartis.com.br\/hpn\/wp-content\/uploads\/sites\/36\/2025\/10\/logo-a-nova-cara-da-hpn-p.png","width":263,"height":100,"caption":"HPN - Hemoglobin\u00faria Parox\u00edstica Noturna"},"image":{"@id":"https:\/\/saude.novartis.com.br\/hpn\/#\/schema\/logo\/image\/"}}]}},"_links":{"self":[{"href":"https:\/\/saude.novartis.com.br\/hpn\/wp-json\/wp\/v2\/pages\/104"}],"collection":[{"href":"https:\/\/saude.novartis.com.br\/hpn\/wp-json\/wp\/v2\/pages"}],"about":[{"href":"https:\/\/saude.novartis.com.br\/hpn\/wp-json\/wp\/v2\/types\/page"}],"author":[{"embeddable":true,"href":"https:\/\/saude.novartis.com.br\/hpn\/wp-json\/wp\/v2\/users\/17"}],"replies":[{"embeddable":true,"href":"https:\/\/saude.novartis.com.br\/hpn\/wp-json\/wp\/v2\/comments?post=104"}],"version-history":[{"count":2,"href":"https:\/\/saude.novartis.com.br\/hpn\/wp-json\/wp\/v2\/pages\/104\/revisions"}],"predecessor-version":[{"id":106,"href":"https:\/\/saude.novartis.com.br\/hpn\/wp-json\/wp\/v2\/pages\/104\/revisions\/106"}],"wp:attachment":[{"href":"https:\/\/saude.novartis.com.br\/hpn\/wp-json\/wp\/v2\/media?parent=104"}],"curies":[{"name":"wp","href":"https:\/\/api.w.org\/{rel}","templated":true}]}}