{"id":1427,"date":"2019-07-24T14:37:39","date_gmt":"2019-07-24T17:37:39","guid":{"rendered":"https:\/\/conteudosportal.com.br\/esclerose-multipla\/?page_id=1427"},"modified":"2021-05-27T10:43:44","modified_gmt":"2021-05-27T13:43:44","slug":"esclerose-multipla-2","status":"publish","type":"page","link":"https:\/\/saude.novartis.com.br\/esclerose-multipla\/esclerose-multipla-2\/","title":{"rendered":"Esclerose M\u00faltipla"},"content":{"rendered":"<div id=\"pl-1427\" class=\"panel-layout\">\n<div id=\"pg-1427-0\" class=\"panel-grid panel-no-style\">\n<div id=\"pgc-1427-0-0\" class=\"panel-grid-cell\" data-weight=\"1\">\n<div id=\"panel-1427-0-0-0\" class=\"so-panel widget widget_custom_html panel-first-child\" data-index=\"0\" data-style=\"{&quot;background_image_attachment&quot;:false,&quot;background_display&quot;:&quot;tile&quot;}\">[siteorigin_widget class=&#8221;WP_Widget_Custom_HTML&#8221;][\/siteorigin_widget]<\/div>\n<div id=\"panel-1427-0-0-1\" class=\"so-panel widget widget_themegrill_flash_blog tg-widget blog-section panel-last-child\" data-index=\"1\" data-style=\"{&quot;background_image_attachment&quot;:false,&quot;background_display&quot;:&quot;tile&quot;}\">[siteorigin_widget class=&#8221;FT_Widget_Blog&#8221;][\/siteorigin_widget]<\/div>\n<\/div>\n<\/div>\n<\/div>\n","protected":false},"excerpt":{"rendered":"<p>[siteorigin_widget class=&#8221;WP_Widget_Custom_HTML&#8221;][\/siteorigin_widget] [siteorigin_widget class=&#8221;FT_Widget_Blog&#8221;][\/siteorigin_widget]<\/p>\n","protected":false},"author":1,"featured_media":0,"parent":0,"menu_order":0,"comment_status":"closed","ping_status":"closed","template":"","meta":{"_acf_changed":false,"footnotes":""},"class_list":["post-1427","page","type-page","status-publish","hentry"],"acf":[],"yoast_head":"<!-- This site is optimized with the Yoast SEO plugin v25.1 - https:\/\/yoast.com\/wordpress\/plugins\/seo\/ -->\n<title>Esclerose M\u00faltipla: Sintomas, Tratamentos e Descobertas Mais Recentes<\/title>\n<meta name=\"description\" content=\"Vis\u00e3o dupla ou emba\u00e7ada, formigamentos, falta de equil\u00edbrio e incontin\u00eancia urin\u00e1ria s\u00e3o alguns dos sintomas da Esclerose M\u00faltipla. Veja outros sintomas\" \/>\n<meta name=\"robots\" content=\"index, follow, max-snippet:-1, max-image-preview:large, max-video-preview:-1\" \/>\n<link rel=\"canonical\" href=\"https:\/\/saude.novartis.com.br\/esclerose-multipla\/esclerose-multipla-2\/\" \/>\n<meta property=\"og:locale\" content=\"pt_BR\" \/>\n<meta property=\"og:type\" content=\"article\" \/>\n<meta property=\"og:title\" content=\"Esclerose M\u00faltipla: Sintomas, Tratamentos e Descobertas Mais Recentes\" \/>\n<meta property=\"og:description\" content=\"Vis\u00e3o dupla ou emba\u00e7ada, formigamentos, falta de equil\u00edbrio e incontin\u00eancia urin\u00e1ria s\u00e3o alguns dos sintomas da Esclerose M\u00faltipla. Veja outros sintomas\" \/>\n<meta property=\"og:url\" content=\"https:\/\/saude.novartis.com.br\/esclerose-multipla\/esclerose-multipla-2\/\" \/>\n<meta property=\"og:site_name\" content=\"Esclerose M\u00faltipla\" \/>\n<meta property=\"article:modified_time\" content=\"2021-05-27T13:43:44+00:00\" \/>\n<meta name=\"twitter:card\" content=\"summary_large_image\" \/>\n<script type=\"application\/ld+json\" class=\"yoast-schema-graph\">{\"@context\":\"https:\/\/schema.org\",\"@graph\":[{\"@type\":\"WebPage\",\"@id\":\"https:\/\/saude.novartis.com.br\/esclerose-multipla\/esclerose-multipla-2\/\",\"url\":\"https:\/\/saude.novartis.com.br\/esclerose-multipla\/esclerose-multipla-2\/\",\"name\":\"Esclerose M\u00faltipla: Sintomas, Tratamentos e Descobertas Mais Recentes\",\"isPartOf\":{\"@id\":\"https:\/\/saude.novartis.com.br\/esclerose-multipla\/#website\"},\"datePublished\":\"2019-07-24T17:37:39+00:00\",\"dateModified\":\"2021-05-27T13:43:44+00:00\",\"description\":\"Vis\u00e3o dupla ou emba\u00e7ada, formigamentos, falta de equil\u00edbrio e incontin\u00eancia urin\u00e1ria s\u00e3o alguns dos sintomas da Esclerose M\u00faltipla. Veja outros sintomas\",\"breadcrumb\":{\"@id\":\"https:\/\/saude.novartis.com.br\/esclerose-multipla\/esclerose-multipla-2\/#breadcrumb\"},\"inLanguage\":\"pt-BR\",\"potentialAction\":[{\"@type\":\"ReadAction\",\"target\":[\"https:\/\/saude.novartis.com.br\/esclerose-multipla\/esclerose-multipla-2\/\"]}]},{\"@type\":\"BreadcrumbList\",\"@id\":\"https:\/\/saude.novartis.com.br\/esclerose-multipla\/esclerose-multipla-2\/#breadcrumb\",\"itemListElement\":[{\"@type\":\"ListItem\",\"position\":1,\"name\":\"In\u00edcio\",\"item\":\"https:\/\/saude.novartis.com.br\/esclerose-multipla\/\"},{\"@type\":\"ListItem\",\"position\":2,\"name\":\"Esclerose M\u00faltipla\"}]},{\"@type\":\"WebSite\",\"@id\":\"https:\/\/saude.novartis.com.br\/esclerose-multipla\/#website\",\"url\":\"https:\/\/saude.novartis.com.br\/esclerose-multipla\/\",\"name\":\"Esclerose M\u00faltipla\",\"description\":\"Sintomas, Tratamentos e Descobertas Mais Recentes\",\"publisher\":{\"@id\":\"https:\/\/saude.novartis.com.br\/esclerose-multipla\/#organization\"},\"potentialAction\":[{\"@type\":\"SearchAction\",\"target\":{\"@type\":\"EntryPoint\",\"urlTemplate\":\"https:\/\/saude.novartis.com.br\/esclerose-multipla\/?s={search_term_string}\"},\"query-input\":{\"@type\":\"PropertyValueSpecification\",\"valueRequired\":true,\"valueName\":\"search_term_string\"}}],\"inLanguage\":\"pt-BR\"},{\"@type\":\"Organization\",\"@id\":\"https:\/\/saude.novartis.com.br\/esclerose-multipla\/#organization\",\"name\":\"Novartis\",\"url\":\"https:\/\/saude.novartis.com.br\/esclerose-multipla\/\",\"logo\":{\"@type\":\"ImageObject\",\"inLanguage\":\"pt-BR\",\"@id\":\"https:\/\/saude.novartis.com.br\/esclerose-multipla\/#\/schema\/logo\/image\/\",\"url\":\"https:\/\/saude.novartis.com.br\/esclerose-multipla\/wp-content\/uploads\/sites\/14\/2025\/09\/logo-em-novo.png\",\"contentUrl\":\"https:\/\/saude.novartis.com.br\/esclerose-multipla\/wp-content\/uploads\/sites\/14\/2025\/09\/logo-em-novo.png\",\"width\":264,\"height\":120,\"caption\":\"Novartis\"},\"image\":{\"@id\":\"https:\/\/saude.novartis.com.br\/esclerose-multipla\/#\/schema\/logo\/image\/\"}}]}<\/script>\n<!-- \/ Yoast SEO plugin. -->","yoast_head_json":{"title":"Esclerose M\u00faltipla: Sintomas, Tratamentos e Descobertas Mais Recentes","description":"Vis\u00e3o dupla ou emba\u00e7ada, formigamentos, falta de equil\u00edbrio e incontin\u00eancia urin\u00e1ria s\u00e3o alguns dos sintomas da Esclerose M\u00faltipla. Veja outros sintomas","robots":{"index":"index","follow":"follow","max-snippet":"max-snippet:-1","max-image-preview":"max-image-preview:large","max-video-preview":"max-video-preview:-1"},"canonical":"https:\/\/saude.novartis.com.br\/esclerose-multipla\/esclerose-multipla-2\/","og_locale":"pt_BR","og_type":"article","og_title":"Esclerose M\u00faltipla: Sintomas, Tratamentos e Descobertas Mais Recentes","og_description":"Vis\u00e3o dupla ou emba\u00e7ada, formigamentos, falta de equil\u00edbrio e incontin\u00eancia urin\u00e1ria s\u00e3o alguns dos sintomas da Esclerose M\u00faltipla. Veja outros sintomas","og_url":"https:\/\/saude.novartis.com.br\/esclerose-multipla\/esclerose-multipla-2\/","og_site_name":"Esclerose M\u00faltipla","article_modified_time":"2021-05-27T13:43:44+00:00","twitter_card":"summary_large_image","schema":{"@context":"https:\/\/schema.org","@graph":[{"@type":"WebPage","@id":"https:\/\/saude.novartis.com.br\/esclerose-multipla\/esclerose-multipla-2\/","url":"https:\/\/saude.novartis.com.br\/esclerose-multipla\/esclerose-multipla-2\/","name":"Esclerose M\u00faltipla: Sintomas, Tratamentos e Descobertas Mais Recentes","isPartOf":{"@id":"https:\/\/saude.novartis.com.br\/esclerose-multipla\/#website"},"datePublished":"2019-07-24T17:37:39+00:00","dateModified":"2021-05-27T13:43:44+00:00","description":"Vis\u00e3o dupla ou emba\u00e7ada, formigamentos, falta de equil\u00edbrio e incontin\u00eancia urin\u00e1ria s\u00e3o alguns dos sintomas da Esclerose M\u00faltipla. Veja outros sintomas","breadcrumb":{"@id":"https:\/\/saude.novartis.com.br\/esclerose-multipla\/esclerose-multipla-2\/#breadcrumb"},"inLanguage":"pt-BR","potentialAction":[{"@type":"ReadAction","target":["https:\/\/saude.novartis.com.br\/esclerose-multipla\/esclerose-multipla-2\/"]}]},{"@type":"BreadcrumbList","@id":"https:\/\/saude.novartis.com.br\/esclerose-multipla\/esclerose-multipla-2\/#breadcrumb","itemListElement":[{"@type":"ListItem","position":1,"name":"In\u00edcio","item":"https:\/\/saude.novartis.com.br\/esclerose-multipla\/"},{"@type":"ListItem","position":2,"name":"Esclerose M\u00faltipla"}]},{"@type":"WebSite","@id":"https:\/\/saude.novartis.com.br\/esclerose-multipla\/#website","url":"https:\/\/saude.novartis.com.br\/esclerose-multipla\/","name":"Esclerose M\u00faltipla","description":"Sintomas, Tratamentos e Descobertas Mais Recentes","publisher":{"@id":"https:\/\/saude.novartis.com.br\/esclerose-multipla\/#organization"},"potentialAction":[{"@type":"SearchAction","target":{"@type":"EntryPoint","urlTemplate":"https:\/\/saude.novartis.com.br\/esclerose-multipla\/?s={search_term_string}"},"query-input":{"@type":"PropertyValueSpecification","valueRequired":true,"valueName":"search_term_string"}}],"inLanguage":"pt-BR"},{"@type":"Organization","@id":"https:\/\/saude.novartis.com.br\/esclerose-multipla\/#organization","name":"Novartis","url":"https:\/\/saude.novartis.com.br\/esclerose-multipla\/","logo":{"@type":"ImageObject","inLanguage":"pt-BR","@id":"https:\/\/saude.novartis.com.br\/esclerose-multipla\/#\/schema\/logo\/image\/","url":"https:\/\/saude.novartis.com.br\/esclerose-multipla\/wp-content\/uploads\/sites\/14\/2025\/09\/logo-em-novo.png","contentUrl":"https:\/\/saude.novartis.com.br\/esclerose-multipla\/wp-content\/uploads\/sites\/14\/2025\/09\/logo-em-novo.png","width":264,"height":120,"caption":"Novartis"},"image":{"@id":"https:\/\/saude.novartis.com.br\/esclerose-multipla\/#\/schema\/logo\/image\/"}}]}},"_links":{"self":[{"href":"https:\/\/saude.novartis.com.br\/esclerose-multipla\/wp-json\/wp\/v2\/pages\/1427"}],"collection":[{"href":"https:\/\/saude.novartis.com.br\/esclerose-multipla\/wp-json\/wp\/v2\/pages"}],"about":[{"href":"https:\/\/saude.novartis.com.br\/esclerose-multipla\/wp-json\/wp\/v2\/types\/page"}],"author":[{"embeddable":true,"href":"https:\/\/saude.novartis.com.br\/esclerose-multipla\/wp-json\/wp\/v2\/users\/1"}],"replies":[{"embeddable":true,"href":"https:\/\/saude.novartis.com.br\/esclerose-multipla\/wp-json\/wp\/v2\/comments?post=1427"}],"version-history":[{"count":1,"href":"https:\/\/saude.novartis.com.br\/esclerose-multipla\/wp-json\/wp\/v2\/pages\/1427\/revisions"}],"predecessor-version":[{"id":1846,"href":"https:\/\/saude.novartis.com.br\/esclerose-multipla\/wp-json\/wp\/v2\/pages\/1427\/revisions\/1846"}],"wp:attachment":[{"href":"https:\/\/saude.novartis.com.br\/esclerose-multipla\/wp-json\/wp\/v2\/media?parent=1427"}],"curies":[{"name":"wp","href":"https:\/\/api.w.org\/{rel}","templated":true}]}}