{"id":1880,"date":"2022-08-05T21:40:41","date_gmt":"2022-08-06T00:40:41","guid":{"rendered":"https:\/\/saude.novartis.com.br\/colesterolalto\/?page_id=1880"},"modified":"2022-08-08T09:47:00","modified_gmt":"2022-08-08T12:47:00","slug":"associacoes","status":"publish","type":"page","link":"https:\/\/saude.novartis.com.br\/colesterolalto\/associacoes\/","title":{"rendered":"Associa\u00e7\u00f5es"},"content":{"rendered":"\t\t<div data-elementor-type=\"wp-page\" data-elementor-id=\"1880\" class=\"elementor elementor-1880\">\n\t\t\t\t\t\t<section class=\"elementor-section elementor-top-section elementor-element elementor-element-6a9ce16 elementor-section-boxed elementor-section-height-default elementor-section-height-default\" data-id=\"6a9ce16\" data-element_type=\"section\">\n\t\t\t\t\t\t<div class=\"elementor-container elementor-column-gap-default\">\n\t\t\t\t\t<div class=\"elementor-column elementor-col-100 elementor-top-column elementor-element elementor-element-dba9d98\" data-id=\"dba9d98\" data-element_type=\"column\">\n\t\t\t<div class=\"elementor-widget-wrap elementor-element-populated\">\n\t\t\t\t\t\t<div class=\"elementor-element elementor-element-72c51ab elementor-widget elementor-widget-image\" data-id=\"72c51ab\" data-element_type=\"widget\" data-widget_type=\"image.default\">\n\t\t\t\t<div class=\"elementor-widget-container\">\n\t\t\t\t\t\t\t\t\t\t\t\t\t\t\t<img fetchpriority=\"high\" decoding=\"async\" width=\"1549\" height=\"676\" src=\"https:\/\/saude.novartis.com.br\/colesterolalto\/wp-content\/uploads\/sites\/28\/2022\/08\/img-associacoes2.jpg\" class=\"attachment-2048x2048 size-2048x2048 wp-image-1879\" alt=\"\" srcset=\"https:\/\/saude.novartis.com.br\/colesterolalto\/wp-content\/uploads\/sites\/28\/2022\/08\/img-associacoes2.jpg 1549w, https:\/\/saude.novartis.com.br\/colesterolalto\/wp-content\/uploads\/sites\/28\/2022\/08\/img-associacoes2-300x131.jpg 300w, https:\/\/saude.novartis.com.br\/colesterolalto\/wp-content\/uploads\/sites\/28\/2022\/08\/img-associacoes2-1024x447.jpg 1024w, https:\/\/saude.novartis.com.br\/colesterolalto\/wp-content\/uploads\/sites\/28\/2022\/08\/img-associacoes2-768x335.jpg 768w, https:\/\/saude.novartis.com.br\/colesterolalto\/wp-content\/uploads\/sites\/28\/2022\/08\/img-associacoes2-1536x670.jpg 1536w\" sizes=\"(max-width: 1549px) 100vw, 1549px\" \/>\t\t\t\t\t\t\t\t\t\t\t\t\t\t\t<\/div>\n\t\t\t\t<\/div>\n\t\t\t\t<div class=\"elementor-element elementor-element-989b0cb elementor-widget elementor-widget-text-editor\" data-id=\"989b0cb\" data-element_type=\"widget\" data-widget_type=\"text-editor.default\">\n\t\t\t\t<div class=\"elementor-widget-container\">\n\t\t\t\t\t\t\t\t\t<p>Conhe\u00e7a as associa\u00e7\u00f5es ligadas \u00e0 nossa campanha Colesterol Alto e descubra como cada uma pode ajudar voc\u00ea ou algu\u00e9m que voc\u00ea conhece.<\/p>\t\t\t\t\t\t\t\t<\/div>\n\t\t\t\t<\/div>\n\t\t\t\t\t<\/div>\n\t\t<\/div>\n\t\t\t\t\t<\/div>\n\t\t<\/section>\n\t\t\t\t<section class=\"elementor-section elementor-top-section elementor-element elementor-element-c909efc elementor-section-boxed elementor-section-height-default elementor-section-height-default\" data-id=\"c909efc\" data-element_type=\"section\" data-settings=\"{&quot;background_background&quot;:&quot;classic&quot;}\">\n\t\t\t\t\t\t<div class=\"elementor-container elementor-column-gap-default\">\n\t\t\t\t\t<div class=\"elementor-column elementor-col-100 elementor-top-column elementor-element elementor-element-d215d50\" data-id=\"d215d50\" data-element_type=\"column\" data-settings=\"{&quot;background_background&quot;:&quot;classic&quot;}\">\n\t\t\t<div class=\"elementor-widget-wrap elementor-element-populated\">\n\t\t\t\t\t\t<div class=\"elementor-element elementor-element-b11d9c7 elementor-widget elementor-widget-heading\" data-id=\"b11d9c7\" data-element_type=\"widget\" data-widget_type=\"heading.default\">\n\t\t\t\t<div class=\"elementor-widget-container\">\n\t\t\t\t\t<h2 class=\"elementor-heading-title elementor-size-default\">Instituto Lado a Lado pela Vida \u2013 LAL\u200b<\/h2>\t\t\t\t<\/div>\n\t\t\t\t<\/div>\n\t\t\t\t\t<\/div>\n\t\t<\/div>\n\t\t\t\t\t<\/div>\n\t\t<\/section>\n\t\t\t\t<section class=\"elementor-section elementor-top-section elementor-element elementor-element-7a0d2f3 elementor-section-boxed elementor-section-height-default elementor-section-height-default\" data-id=\"7a0d2f3\" data-element_type=\"section\">\n\t\t\t\t\t\t<div class=\"elementor-container elementor-column-gap-default\">\n\t\t\t\t\t<div class=\"elementor-column elementor-col-100 elementor-top-column elementor-element elementor-element-0ff1578\" data-id=\"0ff1578\" data-element_type=\"column\">\n\t\t\t<div class=\"elementor-widget-wrap elementor-element-populated\">\n\t\t\t\t\t\t<div class=\"elementor-element elementor-element-d1b9664 elementor-widget elementor-widget-text-editor\" data-id=\"d1b9664\" data-element_type=\"widget\" data-widget_type=\"text-editor.default\">\n\t\t\t\t<div class=\"elementor-widget-container\">\n\t\t\t\t\t\t\t\t\t<h3>Sobre<\/h3>\nO Instituto Lado a Lado pela Vida &#8211; LAL &#8211; foi criado em 2008 e \u00e9 a \u00fanica organiza\u00e7\u00e3o social brasileira que atua nas duas principais causas de morte: o c\u00e2ncer e as doen\u00e7as cardiovasculares. Al\u00e9m disso, trabalha em prol da sa\u00fade do homem.\n\nSua miss\u00e3o \u00e9 informar, mobilizar e engajar a sociedade e gestores p\u00fablicos e privados da sa\u00fade para ampliar o acesso aos servi\u00e7os, da preven\u00e7\u00e3o ao tratamento, e mudar para valer o cen\u00e1rio da sa\u00fade no Brasil.\n\nOs valores do LAL s\u00e3o: cuidado integral e constru\u00e7\u00e3o da consci\u00eancia coletiva sobre sa\u00fade, com responsabilidade, \u00e9tica, transpar\u00eancia, inova\u00e7\u00e3o e sustentabilidade.\n<h3>Como trabalha<\/h3>\nO LAL acredita que com educa\u00e7\u00e3o em sa\u00fade, preven\u00e7\u00e3o e o fortalecimento da Aten\u00e7\u00e3o Prim\u00e1ria, \u00e9 poss\u00edvel mudar o cen\u00e1rio das doen\u00e7as cardiovasculares no Brasil.\n\nEm 2014, o LAL criou a campanha \u201cSiga seu Cora\u00e7\u00e3o\u201d, que alerta e informa a popula\u00e7\u00e3o e os pacientes sobre as doen\u00e7as cardiovasculares e a import\u00e2ncia de cuidar do cora\u00e7\u00e3o.\n\nEm 2021, realizou uma pesquisa para identificar o conhecimento da popula\u00e7\u00e3o sobre seu risco cardiovascular e o impacto do colesterol alto na sa\u00fade do cora\u00e7\u00e3o. Dos 1000 participantes, 68% usam o Sistema \u00danico de Sa\u00fade (SUS), 55% s\u00e3o mulheres e 45% homens. Do grupo, 1\/3 n\u00e3o sabe que as doen\u00e7as cardiovasculares s\u00e3o a principal causa de morte de brasileiros adultos; 2\/3 t\u00eam comorbidades; 24% t\u00eam colesterol alto e 30% sofrem de hipertens\u00e3o.\n\nDentre suas in\u00fameras atividades, o LAL trabalha para mobilizar a popula\u00e7\u00e3o a assumir sua responsabilidade com a mudan\u00e7a de estilo de vida e a escolha de h\u00e1bitos mais saud\u00e1veis. Al\u00e9m disso, atua junto aos gestores e formuladores de pol\u00edticas p\u00fablicas na busca por solu\u00e7\u00f5es para que pacientes card\u00edacos ou portadores de doen\u00e7as cr\u00f4nicas, como colesterol, diabetes e hipertens\u00e3o arterial mantenham a ades\u00e3o ao tratamento.\n<!--\nConhe\u00e7a as campanhas:\n\n<a href=\"https:\/\/ladoaladopelavida.org.br\/campanhas\/siga-seu-coracao\/\">https:\/\/ladoaladopelavida.org.br\/campanhas\/siga-seu-coracao\/<\/a>\n\n<a href=\"https:\/\/web.facebook.com\/sigaocoracao\">https:\/\/web.facebook.com\/sigaocoracao<\/a>\n\n<a href=\"https:\/\/www.instagram.com\/sigaseucoracaooficial\/\">https:\/\/www.instagram.com\/sigaseucoracaooficial\/<\/a>\n<h3>Contato<\/h3>\nPara encontrar mais informa\u00e7\u00f5es sobre o LAL -\u00a0<a href=\"http:\/\/www.ladoaladopelavida.org.br\">www.ladoaladopelavida.org.br<\/a> -->\t\t\t\t\t\t\t\t<\/div>\n\t\t\t\t<\/div>\n\t\t\t\t\t<\/div>\n\t\t<\/div>\n\t\t\t\t\t<\/div>\n\t\t<\/section>\n\t\t\t\t<section class=\"elementor-section elementor-top-section elementor-element elementor-element-1e1cb4a elementor-section-boxed elementor-section-height-default elementor-section-height-default\" data-id=\"1e1cb4a\" data-element_type=\"section\">\n\t\t\t\t\t\t<div class=\"elementor-container elementor-column-gap-default\">\n\t\t\t\t\t<div class=\"elementor-column elementor-col-100 elementor-top-column elementor-element elementor-element-1a4ee1a\" data-id=\"1a4ee1a\" data-element_type=\"column\">\n\t\t\t<div class=\"elementor-widget-wrap elementor-element-populated\">\n\t\t\t\t\t\t<div class=\"elementor-element elementor-element-75d11dc elementor-widget elementor-widget-image\" data-id=\"75d11dc\" data-element_type=\"widget\" data-widget_type=\"image.default\">\n\t\t\t\t<div class=\"elementor-widget-container\">\n\t\t\t\t\t\t\t\t\t\t\t\t\t\t\t<img decoding=\"async\" width=\"1549\" height=\"208\" src=\"https:\/\/saude.novartis.com.br\/colesterolalto\/wp-content\/uploads\/sites\/28\/2022\/08\/barra-procure-medico.jpg\" class=\"attachment-2048x2048 size-2048x2048 wp-image-1831\" alt=\"\" srcset=\"https:\/\/saude.novartis.com.br\/colesterolalto\/wp-content\/uploads\/sites\/28\/2022\/08\/barra-procure-medico.jpg 1549w, https:\/\/saude.novartis.com.br\/colesterolalto\/wp-content\/uploads\/sites\/28\/2022\/08\/barra-procure-medico-300x40.jpg 300w, https:\/\/saude.novartis.com.br\/colesterolalto\/wp-content\/uploads\/sites\/28\/2022\/08\/barra-procure-medico-1024x138.jpg 1024w, https:\/\/saude.novartis.com.br\/colesterolalto\/wp-content\/uploads\/sites\/28\/2022\/08\/barra-procure-medico-768x103.jpg 768w, https:\/\/saude.novartis.com.br\/colesterolalto\/wp-content\/uploads\/sites\/28\/2022\/08\/barra-procure-medico-1536x206.jpg 1536w\" sizes=\"(max-width: 1549px) 100vw, 1549px\" \/>\t\t\t\t\t\t\t\t\t\t\t\t\t\t\t<\/div>\n\t\t\t\t<\/div>\n\t\t\t\t\t<\/div>\n\t\t<\/div>\n\t\t\t\t\t<\/div>\n\t\t<\/section>\n\t\t\t\t<section class=\"elementor-section elementor-top-section elementor-element elementor-element-fec122c elementor-section-boxed elementor-section-height-default elementor-section-height-default\" data-id=\"fec122c\" data-element_type=\"section\" data-settings=\"{&quot;background_background&quot;:&quot;classic&quot;}\">\n\t\t\t\t\t\t<div class=\"elementor-container elementor-column-gap-default\">\n\t\t\t\t\t<div class=\"elementor-column elementor-col-100 elementor-top-column elementor-element elementor-element-fdf3007\" data-id=\"fdf3007\" data-element_type=\"column\" data-settings=\"{&quot;background_background&quot;:&quot;classic&quot;}\">\n\t\t\t<div class=\"elementor-widget-wrap elementor-element-populated\">\n\t\t\t\t\t\t<div class=\"elementor-element elementor-element-b8dd697 elementor-widget elementor-widget-heading\" data-id=\"b8dd697\" data-element_type=\"widget\" data-widget_type=\"heading.default\">\n\t\t\t\t<div class=\"elementor-widget-container\">\n\t\t\t\t\t<h2 class=\"elementor-heading-title elementor-size-default\">Grupo de Advocacy em Cardiovascular<\/h2>\t\t\t\t<\/div>\n\t\t\t\t<\/div>\n\t\t\t\t\t<\/div>\n\t\t<\/div>\n\t\t\t\t\t<\/div>\n\t\t<\/section>\n\t\t\t\t<section class=\"elementor-section elementor-top-section elementor-element elementor-element-992fa41 elementor-section-boxed elementor-section-height-default elementor-section-height-default\" data-id=\"992fa41\" data-element_type=\"section\">\n\t\t\t\t\t\t<div class=\"elementor-container elementor-column-gap-default\">\n\t\t\t\t\t<div class=\"elementor-column elementor-col-100 elementor-top-column elementor-element elementor-element-00ba835\" data-id=\"00ba835\" data-element_type=\"column\">\n\t\t\t<div class=\"elementor-widget-wrap elementor-element-populated\">\n\t\t\t\t\t\t<div class=\"elementor-element elementor-element-9fb59a0 elementor-widget elementor-widget-text-editor\" data-id=\"9fb59a0\" data-element_type=\"widget\" data-widget_type=\"text-editor.default\">\n\t\t\t\t<div class=\"elementor-widget-container\">\n\t\t\t\t\t\t\t\t\t<h3>Sobre<\/h3>\nO GAC &#8211; Grupo de Advocacy em Cardiovascular \u00e9 uma coalis\u00e3o de ONGs que apoiam pacientes com doen\u00e7as cardiovasculares administrado pela Colabore com o Futuro.\n\nO GAC foi criado para atuar nas necessidades dos pacientes n\u00e3o atendidos, como o desafio de se conseguir um diagn\u00f3stico preciso e precoce e a dificuldade de acesso a exames e tratamentos. Tamb\u00e9m tem como objetivo diminuir a alta incid\u00eancia e mortalidade por essas doen\u00e7as no Brasil.\n\nSua miss\u00e3o \u00e9 garantir que a aten\u00e7\u00e3o \u00e0s doen\u00e7as cardiovasculares seja uma prioridade da Sa\u00fade no Brasil, melhorando o acesso ao tratamento e qualidade de vida dos pacientes no pa\u00eds.\n\nAl\u00e9m disso, tem como vis\u00e3o diminuir o n\u00famero de mortes por doen\u00e7as cardiovasculares em 50% nos pr\u00f3ximos 10 anos.\n<h3>Como trabalha<\/h3>\nO trabalho do GAC est\u00e1 dividido em dois pilares principais, que est\u00e3o alinhados com os Objetivos de Desenvolvimento Sustent\u00e1vel da ONU.\n\nNo pilar educa\u00e7\u00e3o, o foco \u00e9 a preven\u00e7\u00e3o. Logo, o GAC cria campanhas sobre as doen\u00e7as cardiovasculares e a import\u00e2ncia dos h\u00e1bitos saud\u00e1veis.\n\nNo pilar sa\u00fade, o GAC trabalha em parceria com as Secretarias de Sa\u00fade Estaduais, parlamentares e Minist\u00e9rio da Sa\u00fade para ampliar o acesso dos pacientes aos tratamentos e criar pol\u00edticas p\u00fablicas que estejam alinhadas com a miss\u00e3o e vis\u00e3o do grupo.\n<!--\n<h3>Contato<\/h3>\nPara encontrar mais informa\u00e7\u00f5es sobre o GAC -\u00a0<a href=\"http:\/\/www.gacbrasil.com.br\">www.gacbrasil.com.br<\/a> -->\t\t\t\t\t\t\t\t<\/div>\n\t\t\t\t<\/div>\n\t\t\t\t\t<\/div>\n\t\t<\/div>\n\t\t\t\t\t<\/div>\n\t\t<\/section>\n\t\t\t\t<section class=\"elementor-section elementor-top-section elementor-element elementor-element-000b281 elementor-section-boxed elementor-section-height-default elementor-section-height-default\" data-id=\"000b281\" data-element_type=\"section\">\n\t\t\t\t\t\t<div class=\"elementor-container elementor-column-gap-default\">\n\t\t\t\t\t<div class=\"elementor-column elementor-col-100 elementor-top-column elementor-element elementor-element-b3b53bc\" data-id=\"b3b53bc\" data-element_type=\"column\">\n\t\t\t<div class=\"elementor-widget-wrap elementor-element-populated\">\n\t\t\t\t\t\t<div class=\"elementor-element elementor-element-4a08a9f elementor-widget elementor-widget-image\" data-id=\"4a08a9f\" data-element_type=\"widget\" data-widget_type=\"image.default\">\n\t\t\t\t<div class=\"elementor-widget-container\">\n\t\t\t\t\t\t\t\t\t\t\t\t\t\t\t<img decoding=\"async\" width=\"1549\" height=\"208\" src=\"https:\/\/saude.novartis.com.br\/colesterolalto\/wp-content\/uploads\/sites\/28\/2022\/08\/barra-procure-medico.jpg\" class=\"attachment-2048x2048 size-2048x2048 wp-image-1831\" alt=\"\" srcset=\"https:\/\/saude.novartis.com.br\/colesterolalto\/wp-content\/uploads\/sites\/28\/2022\/08\/barra-procure-medico.jpg 1549w, https:\/\/saude.novartis.com.br\/colesterolalto\/wp-content\/uploads\/sites\/28\/2022\/08\/barra-procure-medico-300x40.jpg 300w, https:\/\/saude.novartis.com.br\/colesterolalto\/wp-content\/uploads\/sites\/28\/2022\/08\/barra-procure-medico-1024x138.jpg 1024w, https:\/\/saude.novartis.com.br\/colesterolalto\/wp-content\/uploads\/sites\/28\/2022\/08\/barra-procure-medico-768x103.jpg 768w, https:\/\/saude.novartis.com.br\/colesterolalto\/wp-content\/uploads\/sites\/28\/2022\/08\/barra-procure-medico-1536x206.jpg 1536w\" sizes=\"(max-width: 1549px) 100vw, 1549px\" \/>\t\t\t\t\t\t\t\t\t\t\t\t\t\t\t<\/div>\n\t\t\t\t<\/div>\n\t\t\t\t\t<\/div>\n\t\t<\/div>\n\t\t\t\t\t<\/div>\n\t\t<\/section>\n\t\t\t\t<section class=\"elementor-section elementor-top-section elementor-element elementor-element-3d0b294 elementor-section-boxed elementor-section-height-default elementor-section-height-default\" data-id=\"3d0b294\" data-element_type=\"section\">\n\t\t\t\t\t\t<div class=\"elementor-container elementor-column-gap-default\">\n\t\t\t\t\t<div class=\"elementor-column elementor-col-100 elementor-top-column elementor-element elementor-element-6a6ab8f\" data-id=\"6a6ab8f\" data-element_type=\"column\">\n\t\t\t<div class=\"elementor-widget-wrap elementor-element-populated\">\n\t\t\t\t\t\t<div class=\"elementor-element elementor-element-7e659fd elementor-widget elementor-widget-text-editor\" data-id=\"7e659fd\" data-element_type=\"widget\" data-widget_type=\"text-editor.default\">\n\t\t\t\t<div class=\"elementor-widget-container\">\n\t\t\t\t\t\t\t\t\t<small>BR-22638 <\/small>\t\t\t\t\t\t\t\t<\/div>\n\t\t\t\t<\/div>\n\t\t\t\t\t<\/div>\n\t\t<\/div>\n\t\t\t\t\t<\/div>\n\t\t<\/section>\n\t\t\t\t<\/div>\n\t\t","protected":false},"excerpt":{"rendered":"<p>Conhe\u00e7a as associa\u00e7\u00f5es ligadas \u00e0 nossa campanha Colesterol Alto e descubra como cada uma pode&#8230;<\/p>\n","protected":false},"author":2,"featured_media":0,"parent":0,"menu_order":0,"comment_status":"closed","ping_status":"closed","template":"elementor_header_footer","meta":{"_acf_changed":false,"footnotes":""},"class_list":["post-1880","page","type-page","status-publish","hentry"],"acf":[],"yoast_head":"<!-- This site is optimized with the Yoast SEO plugin v25.1 - https:\/\/yoast.com\/wordpress\/plugins\/seo\/ -->\n<title>Associa\u00e7\u00f5es - Colesterol Alto<\/title>\n<meta name=\"robots\" content=\"index, follow, max-snippet:-1, max-image-preview:large, max-video-preview:-1\" \/>\n<link rel=\"canonical\" href=\"https:\/\/saude.novartis.com.br\/colesterolalto\/associacoes\/\" \/>\n<meta property=\"og:locale\" content=\"pt_BR\" \/>\n<meta property=\"og:type\" content=\"article\" \/>\n<meta property=\"og:title\" content=\"Associa\u00e7\u00f5es - Colesterol Alto\" \/>\n<meta property=\"og:description\" content=\"Conhe\u00e7a as associa\u00e7\u00f5es ligadas \u00e0 nossa campanha Colesterol Alto e descubra como cada uma pode...\" \/>\n<meta property=\"og:url\" content=\"https:\/\/saude.novartis.com.br\/colesterolalto\/associacoes\/\" \/>\n<meta property=\"og:site_name\" content=\"Colesterol Alto\" \/>\n<meta property=\"article:modified_time\" content=\"2022-08-08T12:47:00+00:00\" \/>\n<meta property=\"og:image\" content=\"https:\/\/saude.novartis.com.br\/colesterolalto\/wp-content\/uploads\/sites\/28\/2022\/08\/img-associacoes2.jpg\" \/>\n<meta name=\"twitter:card\" content=\"summary_large_image\" \/>\n<meta name=\"twitter:label1\" content=\"Est. tempo de leitura\" \/>\n\t<meta name=\"twitter:data1\" content=\"4 minutos\" \/>\n<script type=\"application\/ld+json\" class=\"yoast-schema-graph\">{\"@context\":\"https:\/\/schema.org\",\"@graph\":[{\"@type\":\"WebPage\",\"@id\":\"https:\/\/saude.novartis.com.br\/colesterolalto\/associacoes\/\",\"url\":\"https:\/\/saude.novartis.com.br\/colesterolalto\/associacoes\/\",\"name\":\"Associa\u00e7\u00f5es - Colesterol Alto\",\"isPartOf\":{\"@id\":\"https:\/\/saude.novartis.com.br\/colesterolalto\/#website\"},\"primaryImageOfPage\":{\"@id\":\"https:\/\/saude.novartis.com.br\/colesterolalto\/associacoes\/#primaryimage\"},\"image\":{\"@id\":\"https:\/\/saude.novartis.com.br\/colesterolalto\/associacoes\/#primaryimage\"},\"thumbnailUrl\":\"https:\/\/saude.novartis.com.br\/colesterolalto\/wp-content\/uploads\/sites\/28\/2022\/08\/img-associacoes2.jpg\",\"datePublished\":\"2022-08-06T00:40:41+00:00\",\"dateModified\":\"2022-08-08T12:47:00+00:00\",\"breadcrumb\":{\"@id\":\"https:\/\/saude.novartis.com.br\/colesterolalto\/associacoes\/#breadcrumb\"},\"inLanguage\":\"pt-BR\",\"potentialAction\":[{\"@type\":\"ReadAction\",\"target\":[\"https:\/\/saude.novartis.com.br\/colesterolalto\/associacoes\/\"]}]},{\"@type\":\"ImageObject\",\"inLanguage\":\"pt-BR\",\"@id\":\"https:\/\/saude.novartis.com.br\/colesterolalto\/associacoes\/#primaryimage\",\"url\":\"https:\/\/saude.novartis.com.br\/colesterolalto\/wp-content\/uploads\/sites\/28\/2022\/08\/img-associacoes2.jpg\",\"contentUrl\":\"https:\/\/saude.novartis.com.br\/colesterolalto\/wp-content\/uploads\/sites\/28\/2022\/08\/img-associacoes2.jpg\",\"width\":1549,\"height\":676},{\"@type\":\"BreadcrumbList\",\"@id\":\"https:\/\/saude.novartis.com.br\/colesterolalto\/associacoes\/#breadcrumb\",\"itemListElement\":[{\"@type\":\"ListItem\",\"position\":1,\"name\":\"In\u00edcio\",\"item\":\"https:\/\/saude.novartis.com.br\/colesterolalto\/\"},{\"@type\":\"ListItem\",\"position\":2,\"name\":\"Associa\u00e7\u00f5es\"}]},{\"@type\":\"WebSite\",\"@id\":\"https:\/\/saude.novartis.com.br\/colesterolalto\/#website\",\"url\":\"https:\/\/saude.novartis.com.br\/colesterolalto\/\",\"name\":\"Colesterol Alto\",\"description\":\"Dislipidemia\",\"publisher\":{\"@id\":\"https:\/\/saude.novartis.com.br\/colesterolalto\/#organization\"},\"potentialAction\":[{\"@type\":\"SearchAction\",\"target\":{\"@type\":\"EntryPoint\",\"urlTemplate\":\"https:\/\/saude.novartis.com.br\/colesterolalto\/?s={search_term_string}\"},\"query-input\":{\"@type\":\"PropertyValueSpecification\",\"valueRequired\":true,\"valueName\":\"search_term_string\"}}],\"inLanguage\":\"pt-BR\"},{\"@type\":\"Organization\",\"@id\":\"https:\/\/saude.novartis.com.br\/colesterolalto\/#organization\",\"name\":\"Novartis\",\"url\":\"https:\/\/saude.novartis.com.br\/colesterolalto\/\",\"logo\":{\"@type\":\"ImageObject\",\"inLanguage\":\"pt-BR\",\"@id\":\"https:\/\/saude.novartis.com.br\/colesterolalto\/#\/schema\/logo\/image\/\",\"url\":\"https:\/\/saude.novartis.com.br\/colesterolalto\/wp-content\/uploads\/sites\/28\/2025\/11\/colesterol-alto-logo.png\",\"contentUrl\":\"https:\/\/saude.novartis.com.br\/colesterolalto\/wp-content\/uploads\/sites\/28\/2025\/11\/colesterol-alto-logo.png\",\"width\":262,\"height\":120,\"caption\":\"Novartis\"},\"image\":{\"@id\":\"https:\/\/saude.novartis.com.br\/colesterolalto\/#\/schema\/logo\/image\/\"}}]}<\/script>\n<!-- \/ Yoast SEO plugin. -->","yoast_head_json":{"title":"Associa\u00e7\u00f5es - Colesterol Alto","robots":{"index":"index","follow":"follow","max-snippet":"max-snippet:-1","max-image-preview":"max-image-preview:large","max-video-preview":"max-video-preview:-1"},"canonical":"https:\/\/saude.novartis.com.br\/colesterolalto\/associacoes\/","og_locale":"pt_BR","og_type":"article","og_title":"Associa\u00e7\u00f5es - Colesterol Alto","og_description":"Conhe\u00e7a as associa\u00e7\u00f5es ligadas \u00e0 nossa campanha Colesterol Alto e descubra como cada uma pode...","og_url":"https:\/\/saude.novartis.com.br\/colesterolalto\/associacoes\/","og_site_name":"Colesterol Alto","article_modified_time":"2022-08-08T12:47:00+00:00","og_image":[{"url":"https:\/\/saude.novartis.com.br\/colesterolalto\/wp-content\/uploads\/sites\/28\/2022\/08\/img-associacoes2.jpg","type":"","width":"","height":""}],"twitter_card":"summary_large_image","twitter_misc":{"Est. tempo de leitura":"4 minutos"},"schema":{"@context":"https:\/\/schema.org","@graph":[{"@type":"WebPage","@id":"https:\/\/saude.novartis.com.br\/colesterolalto\/associacoes\/","url":"https:\/\/saude.novartis.com.br\/colesterolalto\/associacoes\/","name":"Associa\u00e7\u00f5es - Colesterol Alto","isPartOf":{"@id":"https:\/\/saude.novartis.com.br\/colesterolalto\/#website"},"primaryImageOfPage":{"@id":"https:\/\/saude.novartis.com.br\/colesterolalto\/associacoes\/#primaryimage"},"image":{"@id":"https:\/\/saude.novartis.com.br\/colesterolalto\/associacoes\/#primaryimage"},"thumbnailUrl":"https:\/\/saude.novartis.com.br\/colesterolalto\/wp-content\/uploads\/sites\/28\/2022\/08\/img-associacoes2.jpg","datePublished":"2022-08-06T00:40:41+00:00","dateModified":"2022-08-08T12:47:00+00:00","breadcrumb":{"@id":"https:\/\/saude.novartis.com.br\/colesterolalto\/associacoes\/#breadcrumb"},"inLanguage":"pt-BR","potentialAction":[{"@type":"ReadAction","target":["https:\/\/saude.novartis.com.br\/colesterolalto\/associacoes\/"]}]},{"@type":"ImageObject","inLanguage":"pt-BR","@id":"https:\/\/saude.novartis.com.br\/colesterolalto\/associacoes\/#primaryimage","url":"https:\/\/saude.novartis.com.br\/colesterolalto\/wp-content\/uploads\/sites\/28\/2022\/08\/img-associacoes2.jpg","contentUrl":"https:\/\/saude.novartis.com.br\/colesterolalto\/wp-content\/uploads\/sites\/28\/2022\/08\/img-associacoes2.jpg","width":1549,"height":676},{"@type":"BreadcrumbList","@id":"https:\/\/saude.novartis.com.br\/colesterolalto\/associacoes\/#breadcrumb","itemListElement":[{"@type":"ListItem","position":1,"name":"In\u00edcio","item":"https:\/\/saude.novartis.com.br\/colesterolalto\/"},{"@type":"ListItem","position":2,"name":"Associa\u00e7\u00f5es"}]},{"@type":"WebSite","@id":"https:\/\/saude.novartis.com.br\/colesterolalto\/#website","url":"https:\/\/saude.novartis.com.br\/colesterolalto\/","name":"Colesterol Alto","description":"Dislipidemia","publisher":{"@id":"https:\/\/saude.novartis.com.br\/colesterolalto\/#organization"},"potentialAction":[{"@type":"SearchAction","target":{"@type":"EntryPoint","urlTemplate":"https:\/\/saude.novartis.com.br\/colesterolalto\/?s={search_term_string}"},"query-input":{"@type":"PropertyValueSpecification","valueRequired":true,"valueName":"search_term_string"}}],"inLanguage":"pt-BR"},{"@type":"Organization","@id":"https:\/\/saude.novartis.com.br\/colesterolalto\/#organization","name":"Novartis","url":"https:\/\/saude.novartis.com.br\/colesterolalto\/","logo":{"@type":"ImageObject","inLanguage":"pt-BR","@id":"https:\/\/saude.novartis.com.br\/colesterolalto\/#\/schema\/logo\/image\/","url":"https:\/\/saude.novartis.com.br\/colesterolalto\/wp-content\/uploads\/sites\/28\/2025\/11\/colesterol-alto-logo.png","contentUrl":"https:\/\/saude.novartis.com.br\/colesterolalto\/wp-content\/uploads\/sites\/28\/2025\/11\/colesterol-alto-logo.png","width":262,"height":120,"caption":"Novartis"},"image":{"@id":"https:\/\/saude.novartis.com.br\/colesterolalto\/#\/schema\/logo\/image\/"}}]}},"_links":{"self":[{"href":"https:\/\/saude.novartis.com.br\/colesterolalto\/wp-json\/wp\/v2\/pages\/1880"}],"collection":[{"href":"https:\/\/saude.novartis.com.br\/colesterolalto\/wp-json\/wp\/v2\/pages"}],"about":[{"href":"https:\/\/saude.novartis.com.br\/colesterolalto\/wp-json\/wp\/v2\/types\/page"}],"author":[{"embeddable":true,"href":"https:\/\/saude.novartis.com.br\/colesterolalto\/wp-json\/wp\/v2\/users\/2"}],"replies":[{"embeddable":true,"href":"https:\/\/saude.novartis.com.br\/colesterolalto\/wp-json\/wp\/v2\/comments?post=1880"}],"version-history":[{"count":50,"href":"https:\/\/saude.novartis.com.br\/colesterolalto\/wp-json\/wp\/v2\/pages\/1880\/revisions"}],"predecessor-version":[{"id":1933,"href":"https:\/\/saude.novartis.com.br\/colesterolalto\/wp-json\/wp\/v2\/pages\/1880\/revisions\/1933"}],"wp:attachment":[{"href":"https:\/\/saude.novartis.com.br\/colesterolalto\/wp-json\/wp\/v2\/media?parent=1880"}],"curies":[{"name":"wp","href":"https:\/\/api.w.org\/{rel}","templated":true}]}}