{"id":2948,"date":"2021-07-06T21:09:40","date_gmt":"2021-07-06T21:09:40","guid":{"rendered":"https:\/\/conteudosportal.com.br\/?page_id=2948"},"modified":"2025-09-18T14:38:03","modified_gmt":"2025-09-18T17:38:03","slug":"guia-de-consulta-old","status":"publish","type":"page","link":"https:\/\/saude.novartis.com.br\/cancer-de-mama\/guia-de-consulta-old\/","title":{"rendered":"Guia de Consulta &#8211; Old"},"content":{"rendered":"\t\t<div data-elementor-type=\"wp-page\" data-elementor-id=\"2948\" class=\"elementor elementor-2948\">\n\t\t\t\t\t\t<section class=\"elementor-section elementor-top-section elementor-element elementor-element-307889f elementor-section-height-min-height elementor-section-boxed elementor-section-height-default elementor-section-items-middle\" data-id=\"307889f\" data-element_type=\"section\" data-e-type=\"section\" data-settings=\"{&quot;background_background&quot;:&quot;classic&quot;}\">\n\t\t\t\t\t\t<div class=\"elementor-container elementor-column-gap-default\">\n\t\t\t\t\t<div class=\"elementor-column elementor-col-100 elementor-top-column elementor-element elementor-element-1972d9f\" data-id=\"1972d9f\" data-element_type=\"column\" data-e-type=\"column\">\n\t\t\t<div class=\"elementor-widget-wrap elementor-element-populated\">\n\t\t\t\t\t\t<div class=\"elementor-element elementor-element-aebe471 elementor-widget elementor-widget-html\" data-id=\"aebe471\" data-element_type=\"widget\" data-e-type=\"widget\" data-widget_type=\"html.default\">\n\t\t\t\t<div class=\"elementor-widget-container\">\n\t\t\t\t\t<script type=\"text\/javascript\" src=\"https:\/\/cdn.cookielaw.org\/consent\/cd145ff1-1ae6-43fb-bf8e-f1906032f40f\/OtAutoBlock.js\"><\/script>\n<script src=\"https:\/\/cdn.cookielaw.org\/scripttemplates\/otSDKStub.js\" data-document-language=\"true\" type=\"text\/javascript\" charset=\"UTF-8\" data-domain-script=\"cd145ff1-1ae6-43fb-bf8e-f1906032f40f\"><\/script>\t\t\t\t<\/div>\n\t\t\t\t<\/div>\n\t\t\t\t<section class=\"elementor-section elementor-inner-section elementor-element elementor-element-9317417 elementor-section-boxed elementor-section-height-default elementor-section-height-default\" data-id=\"9317417\" data-element_type=\"section\" data-e-type=\"section\">\n\t\t\t\t\t\t<div class=\"elementor-container elementor-column-gap-default\">\n\t\t\t\t\t<div class=\"elementor-column elementor-col-50 elementor-inner-column elementor-element elementor-element-ef8332c\" data-id=\"ef8332c\" data-element_type=\"column\" data-e-type=\"column\">\n\t\t\t<div class=\"elementor-widget-wrap elementor-element-populated\">\n\t\t\t\t\t\t<div class=\"elementor-element elementor-element-1615237 elementor-widget elementor-widget-image\" data-id=\"1615237\" data-element_type=\"widget\" data-e-type=\"widget\" data-widget_type=\"image.default\">\n\t\t\t\t<div class=\"elementor-widget-container\">\n\t\t\t\t\t\t\t\t\t\t\t\t\t\t\t<img decoding=\"async\" src=\"https:\/\/saude.novartis.com.br\/cancer-de-mama\/wp-content\/uploads\/sites\/10\/elementor\/thumbs\/novartis_logo_pos_rgb-pc6nayvhnk01acw27dbghh9gjdn664e5685xkvzedq.png\" title=\"novartis_logo_pos_rgb\" alt=\"novartis_logo_pos_rgb\" loading=\"lazy\" \/>\t\t\t\t\t\t\t\t\t\t\t\t\t\t\t<\/div>\n\t\t\t\t<\/div>\n\t\t\t\t<div class=\"elementor-element elementor-element-e38dce8 elementor-widget elementor-widget-shortcode\" data-id=\"e38dce8\" data-element_type=\"widget\" data-e-type=\"widget\" data-widget_type=\"shortcode.default\">\n\t\t\t\t<div class=\"elementor-widget-container\">\n\t\t\t\t\t\t\t<div class=\"elementor-shortcode\">[caldera_form id=\"CF60f571740a599\"]<\/div>\n\t\t\t\t\t\t<\/div>\n\t\t\t\t<\/div>\n\t\t\t\t\t<\/div>\n\t\t<\/div>\n\t\t\t\t<div class=\"elementor-column elementor-col-50 elementor-inner-column elementor-element elementor-element-20e932b\" data-id=\"20e932b\" data-element_type=\"column\" data-e-type=\"column\">\n\t\t\t<div class=\"elementor-widget-wrap elementor-element-populated\">\n\t\t\t\t\t\t<div class=\"elementor-element elementor-element-95d86ef elementor-widget elementor-widget-image\" data-id=\"95d86ef\" data-element_type=\"widget\" data-e-type=\"widget\" data-widget_type=\"image.default\">\n\t\t\t\t<div class=\"elementor-widget-container\">\n\t\t\t\t\t\t\t\t\t\t\t\t\t\t\t<img fetchpriority=\"high\" decoding=\"async\" width=\"640\" height=\"630\" src=\"https:\/\/saude.novartis.com.br\/cancer-de-mama\/wp-content\/uploads\/sites\/10\/2021\/08\/hero-img.png\" class=\"attachment-large size-large wp-image-4558\" alt=\"\" srcset=\"https:\/\/saude.novartis.com.br\/cancer-de-mama\/wp-content\/uploads\/sites\/10\/2021\/08\/hero-img.png 804w, https:\/\/saude.novartis.com.br\/cancer-de-mama\/wp-content\/uploads\/sites\/10\/2021\/08\/hero-img-300x295.png 300w, https:\/\/saude.novartis.com.br\/cancer-de-mama\/wp-content\/uploads\/sites\/10\/2021\/08\/hero-img-768x756.png 768w\" sizes=\"(max-width: 640px) 100vw, 640px\" \/>\t\t\t\t\t\t\t\t\t\t\t\t\t\t\t<\/div>\n\t\t\t\t<\/div>\n\t\t\t\t\t<\/div>\n\t\t<\/div>\n\t\t\t\t\t<\/div>\n\t\t<\/section>\n\t\t\t\t\t<\/div>\n\t\t<\/div>\n\t\t\t\t\t<\/div>\n\t\t<\/section>\n\t\t\t\t<section class=\"elementor-section elementor-top-section elementor-element elementor-element-1c8ceea elementor-section-boxed elementor-section-height-default elementor-section-height-default\" data-id=\"1c8ceea\" data-element_type=\"section\" data-e-type=\"section\" data-settings=\"{&quot;background_background&quot;:&quot;classic&quot;}\">\n\t\t\t\t\t\t<div class=\"elementor-container elementor-column-gap-default\">\n\t\t\t\t\t<div class=\"elementor-column elementor-col-50 elementor-top-column elementor-element elementor-element-a6134a7\" data-id=\"a6134a7\" data-element_type=\"column\" data-e-type=\"column\">\n\t\t\t<div class=\"elementor-widget-wrap elementor-element-populated\">\n\t\t\t\t\t\t<div class=\"elementor-element elementor-element-4c872cd elementor-widget elementor-widget-text-editor\" data-id=\"4c872cd\" data-element_type=\"widget\" data-e-type=\"widget\" data-widget_type=\"text-editor.default\">\n\t\t\t\t<div class=\"elementor-widget-container\">\n\t\t\t\t\t\t\t\t\t<p style=\"color: #fff;\">SIC &#8211; Servi\u00e7o de Informa\u00e7\u00f5es ao Cliente |\u00a0<strong><a style=\"color: #fff;\" href=\"mailto:sic.novartis@novartis.com\">sic.novartis@novartis.com<\/a><\/strong>\u00a0O uso deste site \u00e9 governado por nossos\u00a0<strong><a style=\"color: #fff;\" href=\"https:\/\/saude.novartis.com.br\/termos-hs\">Termos de Uso<\/a><\/strong>\u00a0e nossa\u00a0<strong><a style=\"color: #fff;\" href=\"https:\/\/conteudos.novartis.com.br\/cancer-mama-metastatico\/aviso-privacidade\">Pol\u00edtica de Privacidade.<\/a><\/strong>\u00a0\u00a9 2021 Novartis Bioci\u00eancias S.A.<\/p>\t\t\t\t\t\t\t\t<\/div>\n\t\t\t\t<\/div>\n\t\t\t\t<div class=\"elementor-element elementor-element-af8bc44 elementor-widget elementor-widget-html\" data-id=\"af8bc44\" data-element_type=\"widget\" data-e-type=\"widget\" data-widget_type=\"html.default\">\n\t\t\t\t<div class=\"elementor-widget-container\">\n\t\t\t\t\t<script>\njQuery(\"#iniciar\").click(function() {\n  jQuery(\"#form-guia\").show(500);\n  jQuery(\".chamada-teste\").hide(500);\n  jQuery(\"#iniciar\").hide(500);\n});\n\nvar checks = document.querySelectorAll(\"#fld_4222811_1-wrap input\");\nvar max = 1;\nfor (var i = 0; i < checks.length; i++)\n  checks[i].onclick = selectiveCheck;\nfunction selectiveCheck (event) {\n  var checkedChecks = document.querySelectorAll(\"#fld_4222811_1-wrap input:checked\");\n  if (checkedChecks.length >= max + 1)\n    return false;\n}\n\nvar checks2 = document.querySelectorAll(\"#fld_6550064_1-wrap input\");\nvar max = 1;\nfor (var i = 0; i < checks2.length; i++)\n  checks2[i].onclick = selectiveCheck2;\nfunction selectiveCheck2 (event) {\n  var checkedChecks2 = document.querySelectorAll(\"#fld_6550064_1-wrap input:checked\");\n  if (checkedChecks2.length >= max + 1)\n    return false;\n}\n<\/script>\n<style>\n.fundo-header, #teste {\n    display:none;\n\n}\n#form-guia {\n    display:none;\n}\n.caldera-grid .checkbox input[type=checkbox], .caldera-grid .checkbox-inline input[type=checkbox], .caldera-grid .radio input[type=radio], .caldera-grid .radio-inline input[type=radio] {\n    margin-left: -20px;\n    top: 8px;\n}\n.caldera-grid .form-control {\n    width: 100%;\n    height: 45px;\n}\n.voltar {\n    text-align: left;\n}\n.avancar, .gerar-guia {\n    text-align: right;\n}\n.parsley-required {\n    font-size: 10px !important;\n}\n#fld_8952045_1-wrap .control-label, .caldera-grid .help-block{\n    font-size: 10px !important;\n    color: rgba(39,48,57,.8) !important;\n    font-style: italic !important;\n}\n.help-block {\n    position: absolute;\n    top: 45px;\n}\n.caldera-grid .checkbox, .caldera-grid .radio {\n    position: relative;\n    display: block;\n    margin-top: 30px;\n}\n.avancar input, .gerar-guia input {\n    background-color: #D37594 !important;\n    border: solid #D37594 !important;\n    border-color: #D37594;\n    border-radius: 5px 5px 5px 5px !important;\n    box-shadow: 6px 8px 3px -1px rgb(0 0 0 \/ 9%);\n    padding: 20px 48px 20px 58px !important;\n    color: #fff !important;\n    font-weight: 500 !important;\n}\n\n.voltar input {\n        fill: #D37594 !important;\n    color: #D37594!important;\n    background-color: #D3759400 !important;\n    border: solid !important;\n    border-radius: 5px 5px 5px 5px !important;\n    box-shadow: 6px 8px 3px -1px rgb(0 0 0 \/ 9%);\n    padding: 20px 54px 20px 53px !important;\n}\n\n.caldera-grid h1 {\n    color: #D37594;\n    font-family: \"Prata\", Sans-serif;\n    font-weight: 600;\n    line-height: 1;\n}\n.caldera-grid strong {\n    color: #D37594;\n}\n#fld_8952045Label, #fld_4222811Label, #fld_6550064Label, #fld_2257547Label, #fld_7555687Label, #fld_1609885Label {\n    color: #D37594;\n    line-height: 1.3;\n}\n<\/style>\n\n<!-- OneTrust Cookies Settings button start -->\n\t\t\t\t\t <a style=\"color:#fff;\" href=\"#\" id=\"custom-ot-sdk-btn\" class=\"ot-sdk-show-settings\"> Cookie Settings<\/a>\n\t\t\t\t\t<!-- OneTrust Cookies Settings button end -->\t\t\t\t<\/div>\n\t\t\t\t<\/div>\n\t\t\t\t\t<\/div>\n\t\t<\/div>\n\t\t\t\t<div class=\"elementor-column elementor-col-50 elementor-top-column elementor-element elementor-element-83ab407\" data-id=\"83ab407\" data-element_type=\"column\" data-e-type=\"column\">\n\t\t\t<div class=\"elementor-widget-wrap elementor-element-populated\">\n\t\t\t\t\t\t<div class=\"elementor-element elementor-element-09014e0 elementor-widget elementor-widget-image\" data-id=\"09014e0\" data-element_type=\"widget\" data-e-type=\"widget\" data-widget_type=\"image.default\">\n\t\t\t\t<div class=\"elementor-widget-container\">\n\t\t\t\t\t\t\t\t\t\t\t\t\t\t\t<img decoding=\"async\" src=\"https:\/\/conteudosportal.com.br\/wp-content\/uploads\/2021\/07\/novartis_logo_rev_rgb.png\" title=\"\" alt=\"\" loading=\"lazy\" \/>\t\t\t\t\t\t\t\t\t\t\t\t\t\t\t<\/div>\n\t\t\t\t<\/div>\n\t\t\t\t\t<\/div>\n\t\t<\/div>\n\t\t\t\t\t<\/div>\n\t\t<\/section>\n\t\t\t\t<\/div>\n\t\t","protected":false},"excerpt":{"rendered":"<p>[caldera_form id=&#8221;CF60f571740a599&#8243;] SIC &#8211; Servi\u00e7o de Informa\u00e7\u00f5es ao Cliente |\u00a0sic.novartis@novartis.com\u00a0O uso deste site \u00e9 governado&#8230;<\/p>\n","protected":false},"author":1,"featured_media":0,"parent":0,"menu_order":0,"comment_status":"closed","ping_status":"closed","template":"elementor_canvas","meta":{"_acf_changed":false,"footnotes":""},"class_list":["post-2948","page","type-page","status-publish","hentry"],"acf":[],"yoast_head":"<!-- This site is optimized with the Yoast SEO plugin v25.1 - https:\/\/yoast.com\/wordpress\/plugins\/seo\/ -->\n<title>Guia de Consulta - Old - C\u00e2ncer de Mama<\/title>\n<meta name=\"robots\" content=\"index, follow, max-snippet:-1, max-image-preview:large, max-video-preview:-1\" \/>\n<link rel=\"canonical\" href=\"https:\/\/saude.novartis.com.br\/cancer-de-mama\/guia-de-consulta-old\/\" \/>\n<meta property=\"og:locale\" content=\"pt_BR\" \/>\n<meta property=\"og:type\" content=\"article\" \/>\n<meta property=\"og:title\" content=\"Guia de Consulta - Old - C\u00e2ncer de Mama\" \/>\n<meta property=\"og:description\" content=\"[caldera_form id=&#8221;CF60f571740a599&#8243;] SIC &#8211; Servi\u00e7o de Informa\u00e7\u00f5es ao Cliente |\u00a0sic.novartis@novartis.com\u00a0O uso deste site \u00e9 governado...\" \/>\n<meta property=\"og:url\" content=\"https:\/\/saude.novartis.com.br\/cancer-de-mama\/guia-de-consulta-old\/\" \/>\n<meta property=\"og:site_name\" content=\"C\u00e2ncer de Mama\" \/>\n<meta property=\"article:modified_time\" content=\"2025-09-18T17:38:03+00:00\" \/>\n<meta property=\"og:image\" content=\"https:\/\/saude.novartis.com.br\/cancer-de-mama\/wp-content\/uploads\/sites\/10\/elementor\/thumbs\/novartis_logo_pos_rgb-pc6nayvhnk01acw27dbghh9gjdn664e5685xkvzedq.png\" \/>\n<meta name=\"twitter:card\" content=\"summary_large_image\" \/>\n<meta name=\"twitter:label1\" content=\"Est. tempo de leitura\" \/>\n\t<meta name=\"twitter:data1\" content=\"8 minutos\" \/>\n<script type=\"application\/ld+json\" class=\"yoast-schema-graph\">{\"@context\":\"https:\/\/schema.org\",\"@graph\":[{\"@type\":\"WebPage\",\"@id\":\"https:\/\/saude.novartis.com.br\/cancer-de-mama\/guia-de-consulta-old\/\",\"url\":\"https:\/\/saude.novartis.com.br\/cancer-de-mama\/guia-de-consulta-old\/\",\"name\":\"Guia de Consulta - Old - C\u00e2ncer de Mama\",\"isPartOf\":{\"@id\":\"https:\/\/saude.novartis.com.br\/cancer-de-mama\/#website\"},\"primaryImageOfPage\":{\"@id\":\"https:\/\/saude.novartis.com.br\/cancer-de-mama\/guia-de-consulta-old\/#primaryimage\"},\"image\":{\"@id\":\"https:\/\/saude.novartis.com.br\/cancer-de-mama\/guia-de-consulta-old\/#primaryimage\"},\"thumbnailUrl\":\"https:\/\/saude.novartis.com.br\/cancer-de-mama\/wp-content\/uploads\/sites\/10\/elementor\/thumbs\/novartis_logo_pos_rgb-pc6nayvhnk01acw27dbghh9gjdn664e5685xkvzedq.png\",\"datePublished\":\"2021-07-06T21:09:40+00:00\",\"dateModified\":\"2025-09-18T17:38:03+00:00\",\"breadcrumb\":{\"@id\":\"https:\/\/saude.novartis.com.br\/cancer-de-mama\/guia-de-consulta-old\/#breadcrumb\"},\"inLanguage\":\"pt-BR\",\"potentialAction\":[{\"@type\":\"ReadAction\",\"target\":[\"https:\/\/saude.novartis.com.br\/cancer-de-mama\/guia-de-consulta-old\/\"]}]},{\"@type\":\"ImageObject\",\"inLanguage\":\"pt-BR\",\"@id\":\"https:\/\/saude.novartis.com.br\/cancer-de-mama\/guia-de-consulta-old\/#primaryimage\",\"url\":\"https:\/\/saude.novartis.com.br\/cancer-de-mama\/wp-content\/uploads\/sites\/10\/elementor\/thumbs\/novartis_logo_pos_rgb-pc6nayvhnk01acw27dbghh9gjdn664e5685xkvzedq.png\",\"contentUrl\":\"https:\/\/saude.novartis.com.br\/cancer-de-mama\/wp-content\/uploads\/sites\/10\/elementor\/thumbs\/novartis_logo_pos_rgb-pc6nayvhnk01acw27dbghh9gjdn664e5685xkvzedq.png\"},{\"@type\":\"BreadcrumbList\",\"@id\":\"https:\/\/saude.novartis.com.br\/cancer-de-mama\/guia-de-consulta-old\/#breadcrumb\",\"itemListElement\":[{\"@type\":\"ListItem\",\"position\":1,\"name\":\"In\u00edcio\",\"item\":\"https:\/\/saude.novartis.com.br\/cancer-de-mama\/\"},{\"@type\":\"ListItem\",\"position\":2,\"name\":\"Guia de Consulta &#8211; Old\"}]},{\"@type\":\"WebSite\",\"@id\":\"https:\/\/saude.novartis.com.br\/cancer-de-mama\/#website\",\"url\":\"https:\/\/saude.novartis.com.br\/cancer-de-mama\/\",\"name\":\"C\u00e2ncer de Mama\",\"description\":\"Saiba exatamente o que \u00e9 C\u00e2ncer de Mama. Conhe\u00e7a seus sintomas, diagn\u00f3sticos e tratamento. Acesse nossos conte\u00fados Novartis e saiba mais. | Novartis\",\"publisher\":{\"@id\":\"https:\/\/saude.novartis.com.br\/cancer-de-mama\/#organization\"},\"potentialAction\":[{\"@type\":\"SearchAction\",\"target\":{\"@type\":\"EntryPoint\",\"urlTemplate\":\"https:\/\/saude.novartis.com.br\/cancer-de-mama\/?s={search_term_string}\"},\"query-input\":{\"@type\":\"PropertyValueSpecification\",\"valueRequired\":true,\"valueName\":\"search_term_string\"}}],\"inLanguage\":\"pt-BR\"},{\"@type\":\"Organization\",\"@id\":\"https:\/\/saude.novartis.com.br\/cancer-de-mama\/#organization\",\"name\":\"Novartis\",\"url\":\"https:\/\/saude.novartis.com.br\/cancer-de-mama\/\",\"logo\":{\"@type\":\"ImageObject\",\"inLanguage\":\"pt-BR\",\"@id\":\"https:\/\/saude.novartis.com.br\/cancer-de-mama\/#\/schema\/logo\/image\/\",\"url\":\"https:\/\/saude.novartis.com.br\/cancer-de-mama\/wp-content\/uploads\/sites\/10\/2025\/09\/logo_meu-caminho-cancer-de-mama1.png\",\"contentUrl\":\"https:\/\/saude.novartis.com.br\/cancer-de-mama\/wp-content\/uploads\/sites\/10\/2025\/09\/logo_meu-caminho-cancer-de-mama1.png\",\"width\":273,\"height\":117,\"caption\":\"Novartis\"},\"image\":{\"@id\":\"https:\/\/saude.novartis.com.br\/cancer-de-mama\/#\/schema\/logo\/image\/\"}}]}<\/script>\n<!-- \/ Yoast SEO plugin. -->","yoast_head_json":{"title":"Guia de Consulta - Old - C\u00e2ncer de Mama","robots":{"index":"index","follow":"follow","max-snippet":"max-snippet:-1","max-image-preview":"max-image-preview:large","max-video-preview":"max-video-preview:-1"},"canonical":"https:\/\/saude.novartis.com.br\/cancer-de-mama\/guia-de-consulta-old\/","og_locale":"pt_BR","og_type":"article","og_title":"Guia de Consulta - Old - C\u00e2ncer de Mama","og_description":"[caldera_form id=&#8221;CF60f571740a599&#8243;] SIC &#8211; Servi\u00e7o de Informa\u00e7\u00f5es ao Cliente |\u00a0sic.novartis@novartis.com\u00a0O uso deste site \u00e9 governado...","og_url":"https:\/\/saude.novartis.com.br\/cancer-de-mama\/guia-de-consulta-old\/","og_site_name":"C\u00e2ncer de Mama","article_modified_time":"2025-09-18T17:38:03+00:00","og_image":[{"url":"https:\/\/saude.novartis.com.br\/cancer-de-mama\/wp-content\/uploads\/sites\/10\/elementor\/thumbs\/novartis_logo_pos_rgb-pc6nayvhnk01acw27dbghh9gjdn664e5685xkvzedq.png","type":"","width":"","height":""}],"twitter_card":"summary_large_image","twitter_misc":{"Est. tempo de leitura":"8 minutos"},"schema":{"@context":"https:\/\/schema.org","@graph":[{"@type":"WebPage","@id":"https:\/\/saude.novartis.com.br\/cancer-de-mama\/guia-de-consulta-old\/","url":"https:\/\/saude.novartis.com.br\/cancer-de-mama\/guia-de-consulta-old\/","name":"Guia de Consulta - Old - C\u00e2ncer de Mama","isPartOf":{"@id":"https:\/\/saude.novartis.com.br\/cancer-de-mama\/#website"},"primaryImageOfPage":{"@id":"https:\/\/saude.novartis.com.br\/cancer-de-mama\/guia-de-consulta-old\/#primaryimage"},"image":{"@id":"https:\/\/saude.novartis.com.br\/cancer-de-mama\/guia-de-consulta-old\/#primaryimage"},"thumbnailUrl":"https:\/\/saude.novartis.com.br\/cancer-de-mama\/wp-content\/uploads\/sites\/10\/elementor\/thumbs\/novartis_logo_pos_rgb-pc6nayvhnk01acw27dbghh9gjdn664e5685xkvzedq.png","datePublished":"2021-07-06T21:09:40+00:00","dateModified":"2025-09-18T17:38:03+00:00","breadcrumb":{"@id":"https:\/\/saude.novartis.com.br\/cancer-de-mama\/guia-de-consulta-old\/#breadcrumb"},"inLanguage":"pt-BR","potentialAction":[{"@type":"ReadAction","target":["https:\/\/saude.novartis.com.br\/cancer-de-mama\/guia-de-consulta-old\/"]}]},{"@type":"ImageObject","inLanguage":"pt-BR","@id":"https:\/\/saude.novartis.com.br\/cancer-de-mama\/guia-de-consulta-old\/#primaryimage","url":"https:\/\/saude.novartis.com.br\/cancer-de-mama\/wp-content\/uploads\/sites\/10\/elementor\/thumbs\/novartis_logo_pos_rgb-pc6nayvhnk01acw27dbghh9gjdn664e5685xkvzedq.png","contentUrl":"https:\/\/saude.novartis.com.br\/cancer-de-mama\/wp-content\/uploads\/sites\/10\/elementor\/thumbs\/novartis_logo_pos_rgb-pc6nayvhnk01acw27dbghh9gjdn664e5685xkvzedq.png"},{"@type":"BreadcrumbList","@id":"https:\/\/saude.novartis.com.br\/cancer-de-mama\/guia-de-consulta-old\/#breadcrumb","itemListElement":[{"@type":"ListItem","position":1,"name":"In\u00edcio","item":"https:\/\/saude.novartis.com.br\/cancer-de-mama\/"},{"@type":"ListItem","position":2,"name":"Guia de Consulta &#8211; Old"}]},{"@type":"WebSite","@id":"https:\/\/saude.novartis.com.br\/cancer-de-mama\/#website","url":"https:\/\/saude.novartis.com.br\/cancer-de-mama\/","name":"C\u00e2ncer de Mama","description":"Saiba exatamente o que \u00e9 C\u00e2ncer de Mama. Conhe\u00e7a seus sintomas, diagn\u00f3sticos e tratamento. Acesse nossos conte\u00fados Novartis e saiba mais. | Novartis","publisher":{"@id":"https:\/\/saude.novartis.com.br\/cancer-de-mama\/#organization"},"potentialAction":[{"@type":"SearchAction","target":{"@type":"EntryPoint","urlTemplate":"https:\/\/saude.novartis.com.br\/cancer-de-mama\/?s={search_term_string}"},"query-input":{"@type":"PropertyValueSpecification","valueRequired":true,"valueName":"search_term_string"}}],"inLanguage":"pt-BR"},{"@type":"Organization","@id":"https:\/\/saude.novartis.com.br\/cancer-de-mama\/#organization","name":"Novartis","url":"https:\/\/saude.novartis.com.br\/cancer-de-mama\/","logo":{"@type":"ImageObject","inLanguage":"pt-BR","@id":"https:\/\/saude.novartis.com.br\/cancer-de-mama\/#\/schema\/logo\/image\/","url":"https:\/\/saude.novartis.com.br\/cancer-de-mama\/wp-content\/uploads\/sites\/10\/2025\/09\/logo_meu-caminho-cancer-de-mama1.png","contentUrl":"https:\/\/saude.novartis.com.br\/cancer-de-mama\/wp-content\/uploads\/sites\/10\/2025\/09\/logo_meu-caminho-cancer-de-mama1.png","width":273,"height":117,"caption":"Novartis"},"image":{"@id":"https:\/\/saude.novartis.com.br\/cancer-de-mama\/#\/schema\/logo\/image\/"}}]}},"_links":{"self":[{"href":"https:\/\/saude.novartis.com.br\/cancer-de-mama\/wp-json\/wp\/v2\/pages\/2948"}],"collection":[{"href":"https:\/\/saude.novartis.com.br\/cancer-de-mama\/wp-json\/wp\/v2\/pages"}],"about":[{"href":"https:\/\/saude.novartis.com.br\/cancer-de-mama\/wp-json\/wp\/v2\/types\/page"}],"author":[{"embeddable":true,"href":"https:\/\/saude.novartis.com.br\/cancer-de-mama\/wp-json\/wp\/v2\/users\/1"}],"replies":[{"embeddable":true,"href":"https:\/\/saude.novartis.com.br\/cancer-de-mama\/wp-json\/wp\/v2\/comments?post=2948"}],"version-history":[{"count":25,"href":"https:\/\/saude.novartis.com.br\/cancer-de-mama\/wp-json\/wp\/v2\/pages\/2948\/revisions"}],"predecessor-version":[{"id":4973,"href":"https:\/\/saude.novartis.com.br\/cancer-de-mama\/wp-json\/wp\/v2\/pages\/2948\/revisions\/4973"}],"wp:attachment":[{"href":"https:\/\/saude.novartis.com.br\/cancer-de-mama\/wp-json\/wp\/v2\/media?parent=2948"}],"curies":[{"name":"wp","href":"https:\/\/api.w.org\/{rel}","templated":true}]}}